{"id":1031,"date":"2022-01-20T09:14:10","date_gmt":"2022-02-01T11:46:40","guid":{"rendered":"https:\/\/colorvisionlen.wpenginepowered.com\/product\/gris-fonce\/"},"modified":"2022-06-06T10:29:11","modified_gmt":"2022-06-06T07:29:11","slug":"gris-fonce","status":"publish","type":"product","link":"https:\/\/colorvisionlenses.com\/fr\/produit\/gris-fonce\/","title":{"rendered":"Gris fonc\u00e9"},"content":{"rendered":"<p style=\"color: inherit;\">Pourquoi COLORVISION ?<\/p>\n<ol>\n<li>Processus de fabrication haut de gamme :<br \/>\nCOLORVISION a \u00e9t\u00e9 con\u00e7u pour r\u00e9pondre au march\u00e9 haut de gamme des lentilles de contact color\u00e9es avec une qualit\u00e9, un style et un confort sup\u00e9rieurs. COLORVISION est fabriqu\u00e9 au Br\u00e9sil en utilisant la technologie allemande Pf\u00f6rtner.<br \/>\nLa famille Pf\u00f6rtner utilise une technique de coloration unique appel\u00e9e micropigmentation, o\u00f9 les colorants sont int\u00e9gr\u00e9s au mat\u00e9riau de la lentille et non imprim\u00e9s sur la surface de celle-ci. Cela garantit que les colorants n&rsquo;entrent pas en contact avec les yeux.<br \/>\nLes lentilles produites sont test\u00e9es pour leur confort et leur haute qualit\u00e9. Gr\u00e2ce \u00e0 des contr\u00f4les de qualit\u00e9 exigeants, seules 20 % de ces lentilles sont s\u00e9lectionn\u00e9es et ensuite emball\u00e9es pour \u00eatre distribu\u00e9es au march\u00e9.<\/li>\n<li>55% de teneur en eau qui offre un confort ultime jusqu&rsquo;\u00e0 14 heures par jour<\/li>\n<li>20% de transparence dans la partie color\u00e9e de la lentille qui se m\u00e9lange \u00e0 la couleur naturelle des yeux et donne au porteur les yeux color\u00e9s les plus naturels ainsi qu&rsquo;un look personnalis\u00e9 et unique.<\/li>\n<li>Des lentilles de contact uniques avec :\n<ul>\n<li>une aur\u00e9ole int\u00e9rieure de couleur noisette pour d\u00e9finir votre pupille<\/li>\n<li>un m\u00e9lange complexe de dizaines de colorants naturels pour reproduire l&rsquo;apparence naturelle de l&rsquo;iris<\/li>\n<li>un contour ext\u00e9rieur noir pour refl\u00e9ter un look jeune<\/li>\n<\/ul>\n<\/li>\n<\/ol>\n","protected":false},"excerpt":{"rendered":"<p>LENTILLES DE CONTACT DE COLOREES HAUT DE GAMME<\/p>\n<p>COLORVISION PAR PFORTNER<br \/>\nJetable mensuel<br \/>\n2 lentilles par bo\u00eete<br \/>\nFabricant : Vision Hitech<\/p>\n","protected":false},"author":8,"featured_media":408,"comment_status":"open","ping_status":"closed","template":"","meta":[],"product_brand":[],"product_cat":[36],"product_tag":[],"class_list":{"0":"post-1031","1":"product","2":"type-product","3":"status-publish","4":"has-post-thumbnail","6":"product_cat-lentilles","8":"first","9":"instock","10":"featured","11":"taxable","12":"shipping-taxable","13":"purchasable","14":"product-type-simple"},"yoast_head":"<!-- This site is optimized with the Yoast SEO plugin v27.4 - https:\/\/yoast.com\/product\/yoast-seo-wordpress\/ -->\n<title>Gris fonc\u00e9 - COLORVISION<\/title>\n<meta name=\"description\" content=\"COLORVISION is a premium CE-approved monthly colored contact lens manufactured with utmost clinical and safety measures.\" \/>\n<meta name=\"robots\" content=\"index, follow, max-snippet:-1, max-image-preview:large, max-video-preview:-1\" \/>\n<link rel=\"canonical\" href=\"https:\/\/colorvisionlenses.com\/produit\/contact-lenses-dark-gray\/\" \/>\n<meta property=\"og:locale\" content=\"fr_FR\" \/>\n<meta property=\"og:type\" content=\"article\" \/>\n<meta property=\"og:title\" content=\"Gris fonc\u00e9 - COLORVISION\" \/>\n<meta property=\"og:description\" content=\"COLORVISION is a premium CE-approved monthly colored contact lens manufactured with utmost clinical and safety measures.\" \/>\n<meta property=\"og:url\" content=\"https:\/\/colorvisionlenses.com\/produit\/contact-lenses-dark-gray\/\" \/>\n<meta property=\"og:site_name\" content=\"COLORVISION\" \/>\n<meta property=\"article:publisher\" content=\"https:\/\/www.facebook.com\/COLORVISIONColoredContactLens\" \/>\n<meta property=\"article:modified_time\" content=\"2022-06-06T07:29:11+00:00\" \/>\n<meta property=\"og:image\" content=\"https:\/\/colorvisionlenses.com\/wp-content\/uploads\/2021\/12\/Close-up-Dark-Gray.jpg\" \/>\n\t<meta property=\"og:image:width\" content=\"1200\" \/>\n\t<meta property=\"og:image:height\" content=\"1418\" \/>\n\t<meta property=\"og:image:type\" content=\"image\/jpeg\" \/>\n<meta name=\"twitter:card\" content=\"summary_large_image\" \/>\n<meta name=\"twitter:label1\" content=\"Dur\u00e9e de lecture estim\u00e9e\" \/>\n\t<meta name=\"twitter:data1\" content=\"1 minute\" \/>\n<script type=\"application\/ld+json\" class=\"yoast-schema-graph\">{\"@context\":\"https:\\\/\\\/schema.org\",\"@graph\":[{\"@type\":\"WebPage\",\"@id\":\"https:\\\/\\\/colorvisionlenses.com\\\/produit\\\/contact-lenses-dark-gray\\\/\",\"url\":\"https:\\\/\\\/colorvisionlenses.com\\\/produit\\\/contact-lenses-dark-gray\\\/\",\"name\":\"Gris fonc\u00e9 - COLORVISION\",\"isPartOf\":{\"@id\":\"https:\\\/\\\/colorvisionlenses.com\\\/ar\\\/#website\"},\"primaryImageOfPage\":{\"@id\":\"https:\\\/\\\/colorvisionlenses.com\\\/produit\\\/contact-lenses-dark-gray\\\/#primaryimage\"},\"image\":{\"@id\":\"https:\\\/\\\/colorvisionlenses.com\\\/produit\\\/contact-lenses-dark-gray\\\/#primaryimage\"},\"thumbnailUrl\":\"https:\\\/\\\/colorvisionlenses.com\\\/wp-content\\\/uploads\\\/2021\\\/12\\\/Close-up-Dark-Gray.jpg\",\"datePublished\":\"2022-02-01T11:46:40+00:00\",\"dateModified\":\"2022-06-06T07:29:11+00:00\",\"description\":\"COLORVISION is a premium CE-approved monthly colored contact lens manufactured with utmost clinical and safety measures.\",\"breadcrumb\":{\"@id\":\"https:\\\/\\\/colorvisionlenses.com\\\/produit\\\/contact-lenses-dark-gray\\\/#breadcrumb\"},\"inLanguage\":\"fr-FR\",\"potentialAction\":[{\"@type\":\"ReadAction\",\"target\":[\"https:\\\/\\\/colorvisionlenses.com\\\/produit\\\/contact-lenses-dark-gray\\\/\"]}]},{\"@type\":\"ImageObject\",\"inLanguage\":\"fr-FR\",\"@id\":\"https:\\\/\\\/colorvisionlenses.com\\\/produit\\\/contact-lenses-dark-gray\\\/#primaryimage\",\"url\":\"https:\\\/\\\/colorvisionlenses.com\\\/wp-content\\\/uploads\\\/2021\\\/12\\\/Close-up-Dark-Gray.jpg\",\"contentUrl\":\"https:\\\/\\\/colorvisionlenses.com\\\/wp-content\\\/uploads\\\/2021\\\/12\\\/Close-up-Dark-Gray.jpg\",\"width\":1200,\"height\":1418},{\"@type\":\"BreadcrumbList\",\"@id\":\"https:\\\/\\\/colorvisionlenses.com\\\/produit\\\/contact-lenses-dark-gray\\\/#breadcrumb\",\"itemListElement\":[{\"@type\":\"ListItem\",\"position\":1,\"name\":\"Home\",\"item\":\"https:\\\/\\\/colorvisionlenses.com\\\/fr\\\/\"},{\"@type\":\"ListItem\",\"position\":2,\"name\":\"Achetez notre collection\",\"item\":\"https:\\\/\\\/colorvisionlenses.com\\\/shop\\\/\"},{\"@type\":\"ListItem\",\"position\":3,\"name\":\"Gris fonc\u00e9\"}]},{\"@type\":\"WebSite\",\"@id\":\"https:\\\/\\\/colorvisionlenses.com\\\/ar\\\/#website\",\"url\":\"https:\\\/\\\/colorvisionlenses.com\\\/ar\\\/\",\"name\":\"COLORVISION\",\"description\":\"\",\"publisher\":{\"@id\":\"https:\\\/\\\/colorvisionlenses.com\\\/ar\\\/#organization\"},\"potentialAction\":[{\"@type\":\"SearchAction\",\"target\":{\"@type\":\"EntryPoint\",\"urlTemplate\":\"https:\\\/\\\/colorvisionlenses.com\\\/ar\\\/?s={search_term_string}\"},\"query-input\":{\"@type\":\"PropertyValueSpecification\",\"valueRequired\":true,\"valueName\":\"search_term_string\"}}],\"inLanguage\":\"fr-FR\"},{\"@type\":\"Organization\",\"@id\":\"https:\\\/\\\/colorvisionlenses.com\\\/ar\\\/#organization\",\"name\":\"COLORVISION\",\"url\":\"https:\\\/\\\/colorvisionlenses.com\\\/ar\\\/\",\"logo\":{\"@type\":\"ImageObject\",\"inLanguage\":\"fr-FR\",\"@id\":\"https:\\\/\\\/colorvisionlenses.com\\\/ar\\\/#\\\/schema\\\/logo\\\/image\\\/\",\"url\":\"https:\\\/\\\/colorvisionlen.wpenginepowered.com\\\/wp-content\\\/uploads\\\/2022\\\/01\\\/Color-Vision-Lenses-logo.png\",\"contentUrl\":\"https:\\\/\\\/colorvisionlen.wpenginepowered.com\\\/wp-content\\\/uploads\\\/2022\\\/01\\\/Color-Vision-Lenses-logo.png\",\"width\":300,\"height\":71,\"caption\":\"COLORVISION\"},\"image\":{\"@id\":\"https:\\\/\\\/colorvisionlenses.com\\\/ar\\\/#\\\/schema\\\/logo\\\/image\\\/\"},\"sameAs\":[\"https:\\\/\\\/www.facebook.com\\\/COLORVISIONColoredContactLens\",\"https:\\\/\\\/www.instagram.com\\\/colorvisioncontactlens\\\/\",\"https:\\\/\\\/www.youtube.com\\\/channel\\\/UCOeWJezbam45-JOCPCZ-pqA\"]}]}<\/script>\n<!-- \/ Yoast SEO plugin. -->","yoast_head_json":{"title":"Gris fonc\u00e9 - COLORVISION","description":"COLORVISION is a premium CE-approved monthly colored contact lens manufactured with utmost clinical and safety measures.","robots":{"index":"index","follow":"follow","max-snippet":"max-snippet:-1","max-image-preview":"max-image-preview:large","max-video-preview":"max-video-preview:-1"},"canonical":"https:\/\/colorvisionlenses.com\/produit\/contact-lenses-dark-gray\/","og_locale":"fr_FR","og_type":"article","og_title":"Gris fonc\u00e9 - COLORVISION","og_description":"COLORVISION is a premium CE-approved monthly colored contact lens manufactured with utmost clinical and safety measures.","og_url":"https:\/\/colorvisionlenses.com\/produit\/contact-lenses-dark-gray\/","og_site_name":"COLORVISION","article_publisher":"https:\/\/www.facebook.com\/COLORVISIONColoredContactLens","article_modified_time":"2022-06-06T07:29:11+00:00","og_image":[{"width":1200,"height":1418,"url":"https:\/\/colorvisionlenses.com\/wp-content\/uploads\/2021\/12\/Close-up-Dark-Gray.jpg","type":"image\/jpeg"}],"twitter_card":"summary_large_image","twitter_misc":{"Dur\u00e9e de lecture estim\u00e9e":"1 minute"},"schema":{"@context":"https:\/\/schema.org","@graph":[{"@type":"WebPage","@id":"https:\/\/colorvisionlenses.com\/produit\/contact-lenses-dark-gray\/","url":"https:\/\/colorvisionlenses.com\/produit\/contact-lenses-dark-gray\/","name":"Gris fonc\u00e9 - COLORVISION","isPartOf":{"@id":"https:\/\/colorvisionlenses.com\/ar\/#website"},"primaryImageOfPage":{"@id":"https:\/\/colorvisionlenses.com\/produit\/contact-lenses-dark-gray\/#primaryimage"},"image":{"@id":"https:\/\/colorvisionlenses.com\/produit\/contact-lenses-dark-gray\/#primaryimage"},"thumbnailUrl":"https:\/\/colorvisionlenses.com\/wp-content\/uploads\/2021\/12\/Close-up-Dark-Gray.jpg","datePublished":"2022-02-01T11:46:40+00:00","dateModified":"2022-06-06T07:29:11+00:00","description":"COLORVISION is a premium CE-approved monthly colored contact lens manufactured with utmost clinical and safety measures.","breadcrumb":{"@id":"https:\/\/colorvisionlenses.com\/produit\/contact-lenses-dark-gray\/#breadcrumb"},"inLanguage":"fr-FR","potentialAction":[{"@type":"ReadAction","target":["https:\/\/colorvisionlenses.com\/produit\/contact-lenses-dark-gray\/"]}]},{"@type":"ImageObject","inLanguage":"fr-FR","@id":"https:\/\/colorvisionlenses.com\/produit\/contact-lenses-dark-gray\/#primaryimage","url":"https:\/\/colorvisionlenses.com\/wp-content\/uploads\/2021\/12\/Close-up-Dark-Gray.jpg","contentUrl":"https:\/\/colorvisionlenses.com\/wp-content\/uploads\/2021\/12\/Close-up-Dark-Gray.jpg","width":1200,"height":1418},{"@type":"BreadcrumbList","@id":"https:\/\/colorvisionlenses.com\/produit\/contact-lenses-dark-gray\/#breadcrumb","itemListElement":[{"@type":"ListItem","position":1,"name":"Home","item":"https:\/\/colorvisionlenses.com\/fr\/"},{"@type":"ListItem","position":2,"name":"Achetez notre collection","item":"https:\/\/colorvisionlenses.com\/shop\/"},{"@type":"ListItem","position":3,"name":"Gris fonc\u00e9"}]},{"@type":"WebSite","@id":"https:\/\/colorvisionlenses.com\/ar\/#website","url":"https:\/\/colorvisionlenses.com\/ar\/","name":"COLORVISION","description":"","publisher":{"@id":"https:\/\/colorvisionlenses.com\/ar\/#organization"},"potentialAction":[{"@type":"SearchAction","target":{"@type":"EntryPoint","urlTemplate":"https:\/\/colorvisionlenses.com\/ar\/?s={search_term_string}"},"query-input":{"@type":"PropertyValueSpecification","valueRequired":true,"valueName":"search_term_string"}}],"inLanguage":"fr-FR"},{"@type":"Organization","@id":"https:\/\/colorvisionlenses.com\/ar\/#organization","name":"COLORVISION","url":"https:\/\/colorvisionlenses.com\/ar\/","logo":{"@type":"ImageObject","inLanguage":"fr-FR","@id":"https:\/\/colorvisionlenses.com\/ar\/#\/schema\/logo\/image\/","url":"https:\/\/colorvisionlen.wpenginepowered.com\/wp-content\/uploads\/2022\/01\/Color-Vision-Lenses-logo.png","contentUrl":"https:\/\/colorvisionlen.wpenginepowered.com\/wp-content\/uploads\/2022\/01\/Color-Vision-Lenses-logo.png","width":300,"height":71,"caption":"COLORVISION"},"image":{"@id":"https:\/\/colorvisionlenses.com\/ar\/#\/schema\/logo\/image\/"},"sameAs":["https:\/\/www.facebook.com\/COLORVISIONColoredContactLens","https:\/\/www.instagram.com\/colorvisioncontactlens\/","https:\/\/www.youtube.com\/channel\/UCOeWJezbam45-JOCPCZ-pqA"]}]}},"_links":{"self":[{"href":"https:\/\/colorvisionlenses.com\/fr\/wp-json\/wp\/v2\/product\/1031","targetHints":{"allow":["GET"]}}],"collection":[{"href":"https:\/\/colorvisionlenses.com\/fr\/wp-json\/wp\/v2\/product"}],"about":[{"href":"https:\/\/colorvisionlenses.com\/fr\/wp-json\/wp\/v2\/types\/product"}],"author":[{"embeddable":true,"href":"https:\/\/colorvisionlenses.com\/fr\/wp-json\/wp\/v2\/users\/8"}],"replies":[{"embeddable":true,"href":"https:\/\/colorvisionlenses.com\/fr\/wp-json\/wp\/v2\/comments?post=1031"}],"wp:featuredmedia":[{"embeddable":true,"href":"https:\/\/colorvisionlenses.com\/fr\/wp-json\/wp\/v2\/media\/408"}],"wp:attachment":[{"href":"https:\/\/colorvisionlenses.com\/fr\/wp-json\/wp\/v2\/media?parent=1031"}],"wp:term":[{"taxonomy":"product_brand","embeddable":true,"href":"https:\/\/colorvisionlenses.com\/fr\/wp-json\/wp\/v2\/product_brand?post=1031"},{"taxonomy":"product_cat","embeddable":true,"href":"https:\/\/colorvisionlenses.com\/fr\/wp-json\/wp\/v2\/product_cat?post=1031"},{"taxonomy":"product_tag","embeddable":true,"href":"https:\/\/colorvisionlenses.com\/fr\/wp-json\/wp\/v2\/product_tag?post=1031"}],"curies":[{"name":"wp","href":"https:\/\/api.w.org\/{rel}","templated":true}]}}