{"id":963,"date":"2022-01-28T15:53:41","date_gmt":"2022-01-28T13:53:41","guid":{"rendered":"https:\/\/colorvisionlen.wpenginepowered.com\/press\/"},"modified":"2022-06-06T10:26:03","modified_gmt":"2022-06-06T07:26:03","slug":"press","status":"publish","type":"page","link":"https:\/\/colorvisionlenses.com\/fr\/press\/","title":{"rendered":"Press"},"content":{"rendered":"<div class=\"wpb-content-wrapper\"><p>[vc_row wrap_container=\u00a0\u00bbyes\u00a0\u00bb][vc_column][vc_empty_space height=\u00a0\u00bb50px\u00a0\u00bb]<div id=\"porto-blog-4772\" class=\"porto-blog wpb_content_element   wpb_custom_9c745ac33a8bb4820cfc6b89805915cc\">\t\t<div class=\"blog-posts posts-grid blog-posts-related\">\r\n\t\t\t<div class=\"posts-container row\">\r\n\t\t\n<article class=\"post post-grid col-md-6 col-lg-4 post-title-simple post-1658 post type-post status-publish format-standard has-post-thumbnail hentry category-press-fr\">\n<div class=\"post-item post-title-simple\">\r\n\t\t<a href=\"https:\/\/colorvisionlenses.com\/fr\/colorvision-a-lexposition-beauty-world-au-royaume-darabie-saoudite\/\"> <span class=\"post-image thumb-info thumb-info-hide-wrapper-bg m-b-md\"> <span class=\"thumb-info-wrapper\"> <img decoding=\"async\" class=\"img-responsive\" width=\"450\" height=\"231\" src=\"https:\/\/colorvisionlenses.com\/wp-content\/uploads\/2022\/04\/beauty-world-expo-450x231.png\" alt=\"\" \/>\r\n\t\t\t<span class=\"zoom\" data-src=\"https:\/\/colorvisionlenses.com\/wp-content\/uploads\/2022\/04\/beauty-world-expo.png\" data-title=\"\"><i class=\"fas fa-search\"><\/i><\/span>\r\n\t\t<\/span> <\/span> <\/a>\r\n\t\t\t<div class=\"post-date\">\r\n\t\t<span class=\"day\">19<\/span><span class=\"month\">Avr<\/span><time datetime=\"2022-04-19\">19 avril 2022<\/time>\t<\/div>\r\n\t\t\t<h4><a href=\"https:\/\/colorvisionlenses.com\/fr\/colorvision-a-lexposition-beauty-world-au-royaume-darabie-saoudite\/\">\r\n\t\tCOLORVISION \u00e0 l&rsquo;exposition Beauty World au Royaume d&rsquo;Arabie Saoudite\t<\/a><\/h4>\r\n\t\t<div><p class=\"post-excerpt\">COLORVISION s'est vraiment d\u00e9marqu\u00e9e lors de l\u2019exposition Beauty World qui s'est d\u00e9roul\u00e9 au Royaume d'Arabie Saoudite du 21 au 23...  <a class=\"read-more\" href=\"https:\/\/colorvisionlenses.com\/fr\/colorvision-a-lexposition-beauty-world-au-royaume-darabie-saoudite\/\">read more <i class=\"fas fa-angle-right\"><\/i><\/a><\/p><\/div> <\/div>\r\n<\/article>\n\n<article class=\"post post-grid col-md-6 col-lg-4 post-title-simple post-1657 post type-post status-publish format-standard has-post-thumbnail hentry category-press-fr\">\n<div class=\"post-item post-title-simple\">\r\n\t\t<a href=\"https:\/\/colorvisionlenses.com\/fr\/colorvision-a-lexposition-laylat-zafafi-2021-au-royaume-darabie-saoudite\/\"> <span class=\"post-image thumb-info thumb-info-hide-wrapper-bg m-b-md\"> <span class=\"thumb-info-wrapper\"> <img decoding=\"async\" class=\"img-responsive\" width=\"450\" height=\"231\" src=\"https:\/\/colorvisionlenses.com\/wp-content\/uploads\/2022\/04\/Laylat-zafafi-ksa-450x231.jpg\" alt=\"\" \/>\r\n\t\t\t<span class=\"zoom\" data-src=\"https:\/\/colorvisionlenses.com\/wp-content\/uploads\/2022\/04\/Laylat-zafafi-ksa.jpg\" data-title=\"\"><i class=\"fas fa-search\"><\/i><\/span>\r\n\t\t<\/span> <\/span> <\/a>\r\n\t\t\t<div class=\"post-date\">\r\n\t\t<span class=\"day\">19<\/span><span class=\"month\">Avr<\/span><time datetime=\"2022-04-19\">19 avril 2022<\/time>\t<\/div>\r\n\t\t\t<h4><a href=\"https:\/\/colorvisionlenses.com\/fr\/colorvision-a-lexposition-laylat-zafafi-2021-au-royaume-darabie-saoudite\/\">\r\n\t\tCOLORVISION \u00e0 l&rsquo;exposition Laylat Zafafi 2021 au Royaume d&rsquo;Arabie Saoudite\t<\/a><\/h4>\r\n\t\t<div><p class=\"post-excerpt\">Medicals International pr\u00e9sente fi\u00e8rement COLORVISION, les lentilles de contact color\u00e9es haut de gamme, \u00e0 l'exposition Laylat Zafafi \u00e0 Laylati Hall,...  <a class=\"read-more\" href=\"https:\/\/colorvisionlenses.com\/fr\/colorvision-a-lexposition-laylat-zafafi-2021-au-royaume-darabie-saoudite\/\">read more <i class=\"fas fa-angle-right\"><\/i><\/a><\/p><\/div> <\/div>\r\n<\/article>\n\n<article class=\"post post-grid col-md-6 col-lg-4 post-title-simple post-1652 post type-post status-publish format-standard has-post-thumbnail hentry category-press-fr\">\n<div class=\"post-item post-title-simple\">\r\n\t\t<a href=\"https:\/\/colorvisionlenses.com\/fr\/colorvision-au-silmo-istanbul-salon-mondial-de-loptique-2021-en-turquie\/\"> <span class=\"post-image thumb-info thumb-info-hide-wrapper-bg m-b-md\"> <span class=\"thumb-info-wrapper\"> <img decoding=\"async\" class=\"img-responsive\" width=\"450\" height=\"231\" src=\"https:\/\/colorvisionlenses.com\/wp-content\/uploads\/2022\/04\/silmo-turkey-450x231.jpg\" alt=\"\" \/>\r\n\t\t\t<span class=\"zoom\" data-src=\"https:\/\/colorvisionlenses.com\/wp-content\/uploads\/2022\/04\/silmo-turkey.jpg\" data-title=\"\"><i class=\"fas fa-search\"><\/i><\/span>\r\n\t\t<\/span> <\/span> <\/a>\r\n\t\t\t<div class=\"post-date\">\r\n\t\t<span class=\"day\">19<\/span><span class=\"month\">Avr<\/span><time datetime=\"2022-04-19\">19 avril 2022<\/time>\t<\/div>\r\n\t\t\t<h4><a href=\"https:\/\/colorvisionlenses.com\/fr\/colorvision-au-silmo-istanbul-salon-mondial-de-loptique-2021-en-turquie\/\">\r\n\t\tCOLORVISION au SILMO ISTANBUL &#8211; Salon mondial de l&rsquo;optique 2021 en Turquie\t<\/a><\/h4>\r\n\t\t<div><p class=\"post-excerpt\">Medicals International a particip\u00e9 au SILMO Istanbul - Salon International de l'Optique qui s'est d\u00e9roul\u00e9 du 18 au 21 novembre...  <a class=\"read-more\" href=\"https:\/\/colorvisionlenses.com\/fr\/colorvision-au-silmo-istanbul-salon-mondial-de-loptique-2021-en-turquie\/\">read more <i class=\"fas fa-angle-right\"><\/i><\/a><\/p><\/div> <\/div>\r\n<\/article>\n\r\n\t\r\n\t\t\t<\/div>\r\n\t\t<\/div>\r\n\r\n\t\r\n\t\r\n\t<\/div>[\/vc_column][\/vc_row]<\/p>\n<\/div>","protected":false},"excerpt":{"rendered":"<p>[vc_row wrap_container=\u00a0\u00bbyes\u00a0\u00bb][vc_column][vc_empty_space height=\u00a0\u00bb50px\u00a0\u00bb][\/vc_column][\/vc_row]<\/p>\n","protected":false},"author":8,"featured_media":0,"parent":0,"menu_order":0,"comment_status":"closed","ping_status":"closed","template":"","meta":{"footnotes":""},"class_list":["post-963","page","type-page","status-publish","hentry"],"yoast_head":"<!-- This site is optimized with the Yoast SEO plugin v27.4 - https:\/\/yoast.com\/product\/yoast-seo-wordpress\/ -->\n<title>Press - COLORVISION<\/title>\n<meta name=\"description\" content=\"COLORVISION is a premium CE-approved monthly colored contact lens manufactured with utmost clinical and safety measures.\" \/>\n<meta name=\"robots\" content=\"index, follow, max-snippet:-1, max-image-preview:large, max-video-preview:-1\" \/>\n<link rel=\"canonical\" href=\"https:\/\/colorvisionlenses.com\/press\/\" \/>\n<meta property=\"og:locale\" content=\"fr_FR\" \/>\n<meta property=\"og:type\" content=\"article\" \/>\n<meta property=\"og:title\" content=\"Press - COLORVISION\" \/>\n<meta property=\"og:description\" content=\"COLORVISION is a premium CE-approved monthly colored contact lens manufactured with utmost clinical and safety measures.\" \/>\n<meta property=\"og:url\" content=\"https:\/\/colorvisionlenses.com\/press\/\" \/>\n<meta property=\"og:site_name\" content=\"COLORVISION\" \/>\n<meta property=\"article:publisher\" content=\"https:\/\/www.facebook.com\/COLORVISIONColoredContactLens\" \/>\n<meta property=\"article:modified_time\" content=\"2022-06-06T07:26:03+00:00\" \/>\n<meta name=\"twitter:card\" content=\"summary_large_image\" \/>\n<script type=\"application\/ld+json\" class=\"yoast-schema-graph\">{\"@context\":\"https:\\\/\\\/schema.org\",\"@graph\":[{\"@type\":\"WebPage\",\"@id\":\"https:\\\/\\\/colorvisionlenses.com\\\/press\\\/\",\"url\":\"https:\\\/\\\/colorvisionlenses.com\\\/press\\\/\",\"name\":\"Press - COLORVISION\",\"isPartOf\":{\"@id\":\"https:\\\/\\\/colorvisionlenses.com\\\/ar\\\/#website\"},\"datePublished\":\"2022-01-28T13:53:41+00:00\",\"dateModified\":\"2022-06-06T07:26:03+00:00\",\"description\":\"COLORVISION is a premium CE-approved monthly colored contact lens manufactured with utmost clinical and safety measures.\",\"breadcrumb\":{\"@id\":\"https:\\\/\\\/colorvisionlenses.com\\\/press\\\/#breadcrumb\"},\"inLanguage\":\"fr-FR\",\"potentialAction\":[{\"@type\":\"ReadAction\",\"target\":[\"https:\\\/\\\/colorvisionlenses.com\\\/press\\\/\"]}]},{\"@type\":\"BreadcrumbList\",\"@id\":\"https:\\\/\\\/colorvisionlenses.com\\\/press\\\/#breadcrumb\",\"itemListElement\":[{\"@type\":\"ListItem\",\"position\":1,\"name\":\"Home\",\"item\":\"https:\\\/\\\/colorvisionlenses.com\\\/fr\\\/\"},{\"@type\":\"ListItem\",\"position\":2,\"name\":\"Press\"}]},{\"@type\":\"WebSite\",\"@id\":\"https:\\\/\\\/colorvisionlenses.com\\\/ar\\\/#website\",\"url\":\"https:\\\/\\\/colorvisionlenses.com\\\/ar\\\/\",\"name\":\"COLORVISION\",\"description\":\"\",\"publisher\":{\"@id\":\"https:\\\/\\\/colorvisionlenses.com\\\/ar\\\/#organization\"},\"potentialAction\":[{\"@type\":\"SearchAction\",\"target\":{\"@type\":\"EntryPoint\",\"urlTemplate\":\"https:\\\/\\\/colorvisionlenses.com\\\/ar\\\/?s={search_term_string}\"},\"query-input\":{\"@type\":\"PropertyValueSpecification\",\"valueRequired\":true,\"valueName\":\"search_term_string\"}}],\"inLanguage\":\"fr-FR\"},{\"@type\":\"Organization\",\"@id\":\"https:\\\/\\\/colorvisionlenses.com\\\/ar\\\/#organization\",\"name\":\"COLORVISION\",\"url\":\"https:\\\/\\\/colorvisionlenses.com\\\/ar\\\/\",\"logo\":{\"@type\":\"ImageObject\",\"inLanguage\":\"fr-FR\",\"@id\":\"https:\\\/\\\/colorvisionlenses.com\\\/ar\\\/#\\\/schema\\\/logo\\\/image\\\/\",\"url\":\"https:\\\/\\\/colorvisionlen.wpenginepowered.com\\\/wp-content\\\/uploads\\\/2022\\\/01\\\/Color-Vision-Lenses-logo.png\",\"contentUrl\":\"https:\\\/\\\/colorvisionlen.wpenginepowered.com\\\/wp-content\\\/uploads\\\/2022\\\/01\\\/Color-Vision-Lenses-logo.png\",\"width\":300,\"height\":71,\"caption\":\"COLORVISION\"},\"image\":{\"@id\":\"https:\\\/\\\/colorvisionlenses.com\\\/ar\\\/#\\\/schema\\\/logo\\\/image\\\/\"},\"sameAs\":[\"https:\\\/\\\/www.facebook.com\\\/COLORVISIONColoredContactLens\",\"https:\\\/\\\/www.instagram.com\\\/colorvisioncontactlens\\\/\",\"https:\\\/\\\/www.youtube.com\\\/channel\\\/UCOeWJezbam45-JOCPCZ-pqA\"]}]}<\/script>\n<!-- \/ Yoast SEO plugin. -->","yoast_head_json":{"title":"Press - COLORVISION","description":"COLORVISION is a premium CE-approved monthly colored contact lens manufactured with utmost clinical and safety measures.","robots":{"index":"index","follow":"follow","max-snippet":"max-snippet:-1","max-image-preview":"max-image-preview:large","max-video-preview":"max-video-preview:-1"},"canonical":"https:\/\/colorvisionlenses.com\/press\/","og_locale":"fr_FR","og_type":"article","og_title":"Press - COLORVISION","og_description":"COLORVISION is a premium CE-approved monthly colored contact lens manufactured with utmost clinical and safety measures.","og_url":"https:\/\/colorvisionlenses.com\/press\/","og_site_name":"COLORVISION","article_publisher":"https:\/\/www.facebook.com\/COLORVISIONColoredContactLens","article_modified_time":"2022-06-06T07:26:03+00:00","twitter_card":"summary_large_image","schema":{"@context":"https:\/\/schema.org","@graph":[{"@type":"WebPage","@id":"https:\/\/colorvisionlenses.com\/press\/","url":"https:\/\/colorvisionlenses.com\/press\/","name":"Press - COLORVISION","isPartOf":{"@id":"https:\/\/colorvisionlenses.com\/ar\/#website"},"datePublished":"2022-01-28T13:53:41+00:00","dateModified":"2022-06-06T07:26:03+00:00","description":"COLORVISION is a premium CE-approved monthly colored contact lens manufactured with utmost clinical and safety measures.","breadcrumb":{"@id":"https:\/\/colorvisionlenses.com\/press\/#breadcrumb"},"inLanguage":"fr-FR","potentialAction":[{"@type":"ReadAction","target":["https:\/\/colorvisionlenses.com\/press\/"]}]},{"@type":"BreadcrumbList","@id":"https:\/\/colorvisionlenses.com\/press\/#breadcrumb","itemListElement":[{"@type":"ListItem","position":1,"name":"Home","item":"https:\/\/colorvisionlenses.com\/fr\/"},{"@type":"ListItem","position":2,"name":"Press"}]},{"@type":"WebSite","@id":"https:\/\/colorvisionlenses.com\/ar\/#website","url":"https:\/\/colorvisionlenses.com\/ar\/","name":"COLORVISION","description":"","publisher":{"@id":"https:\/\/colorvisionlenses.com\/ar\/#organization"},"potentialAction":[{"@type":"SearchAction","target":{"@type":"EntryPoint","urlTemplate":"https:\/\/colorvisionlenses.com\/ar\/?s={search_term_string}"},"query-input":{"@type":"PropertyValueSpecification","valueRequired":true,"valueName":"search_term_string"}}],"inLanguage":"fr-FR"},{"@type":"Organization","@id":"https:\/\/colorvisionlenses.com\/ar\/#organization","name":"COLORVISION","url":"https:\/\/colorvisionlenses.com\/ar\/","logo":{"@type":"ImageObject","inLanguage":"fr-FR","@id":"https:\/\/colorvisionlenses.com\/ar\/#\/schema\/logo\/image\/","url":"https:\/\/colorvisionlen.wpenginepowered.com\/wp-content\/uploads\/2022\/01\/Color-Vision-Lenses-logo.png","contentUrl":"https:\/\/colorvisionlen.wpenginepowered.com\/wp-content\/uploads\/2022\/01\/Color-Vision-Lenses-logo.png","width":300,"height":71,"caption":"COLORVISION"},"image":{"@id":"https:\/\/colorvisionlenses.com\/ar\/#\/schema\/logo\/image\/"},"sameAs":["https:\/\/www.facebook.com\/COLORVISIONColoredContactLens","https:\/\/www.instagram.com\/colorvisioncontactlens\/","https:\/\/www.youtube.com\/channel\/UCOeWJezbam45-JOCPCZ-pqA"]}]}},"_links":{"self":[{"href":"https:\/\/colorvisionlenses.com\/fr\/wp-json\/wp\/v2\/pages\/963","targetHints":{"allow":["GET"]}}],"collection":[{"href":"https:\/\/colorvisionlenses.com\/fr\/wp-json\/wp\/v2\/pages"}],"about":[{"href":"https:\/\/colorvisionlenses.com\/fr\/wp-json\/wp\/v2\/types\/page"}],"author":[{"embeddable":true,"href":"https:\/\/colorvisionlenses.com\/fr\/wp-json\/wp\/v2\/users\/8"}],"replies":[{"embeddable":true,"href":"https:\/\/colorvisionlenses.com\/fr\/wp-json\/wp\/v2\/comments?post=963"}],"version-history":[{"count":0,"href":"https:\/\/colorvisionlenses.com\/fr\/wp-json\/wp\/v2\/pages\/963\/revisions"}],"wp:attachment":[{"href":"https:\/\/colorvisionlenses.com\/fr\/wp-json\/wp\/v2\/media?parent=963"}],"curies":[{"name":"wp","href":"https:\/\/api.w.org\/{rel}","templated":true}]}}