{"id":937,"date":"2022-01-28T10:58:21","date_gmt":"2022-01-28T08:58:21","guid":{"rendered":"https:\/\/colorvisionlen.wpenginepowered.com\/entretien-des-lentilles\/"},"modified":"2022-06-06T10:26:02","modified_gmt":"2022-06-06T07:26:02","slug":"entretien-des-lentilles","status":"publish","type":"page","link":"https:\/\/colorvisionlenses.com\/fr\/entretien-des-lentilles\/","title":{"rendered":"Entretien des lentilles"},"content":{"rendered":"<div class=\"wpb-content-wrapper\"><p>[vc_row full_width=\u00a0\u00bbstretch_row\u00a0\u00bb wrap_container=\u00a0\u00bbyes\u00a0\u00bb css=\u00a0\u00bb.vc_custom_1640768971513{background-image: url(https:\/\/colorvisionlen.wpenginepowered.com\/wp-content\/uploads\/2021\/12\/transparent-bg.png?id=158) !important;background-position: 0 0 !important;background-repeat: no-repeat !important;}\u00a0\u00bb][vc_column][vc_row_inner css=\u00a0\u00bb.vc_custom_1640700581611{padding-top: 50px !important;padding-right: 50px !important;padding-bottom: 50px !important;padding-left: 50px !important;}\u00a0\u00bb][vc_column_inner width=\u00a0\u00bb1\/2&Prime; animation_duration=\u00a0\u00bb2000&Prime; animation_type=\u00a0\u00bbfadeInDown\u00a0\u00bb][vc_custom_heading text=\u00a0\u00bbLes lentilles de contact color\u00e9es haut de gamme COLORVISION peuvent \u00eatre port\u00e9es quotidiennement jusqu&rsquo;\u00e0 14 heures. Les lentilles doivent \u00eatre remplac\u00e9es chaque mois.\u00a0\u00bb font_container=\u00a0\u00bbtag:h2|font_size:25|text_align:left|line_height:25px\u00a0\u00bb use_theme_fonts=\u00a0\u00bbyes\u00a0\u00bb css=\u00a0\u00bb.vc_custom_1641979948596{padding-top: 5px !important;padding-bottom: 20px !important;}\u00a0\u00bb][vc_column_text el_class=\u00a0\u00bbaboutus-text\u00a0\u00bb]Respecter ce remplacement mensuel et suivre une routine saine d&rsquo;entretien des lentilles sont 2 facteurs vitaux pour la sant\u00e9 de vos yeux.[\/vc_column_text][\/vc_column_inner][vc_column_inner width=\u00a0\u00bb1\/2&Prime; animation_duration=\u00a0\u00bb2000&Prime; animation_type=\u00a0\u00bbfadeInUp\u00a0\u00bb][vc_custom_heading text=\u00a0\u00bbAvant de mettre les lentilles :\u00a0\u00bb font_container=\u00a0\u00bbtag:h2|font_size:25|text_align:left\u00a0\u00bb use_theme_fonts=\u00a0\u00bbyes\u00a0\u00bb][vc_column_text]- Lavez, rincez et s\u00e9chez soigneusement les mains.<br \/>\n&#8211; Utilisez un savon sans huiles, lotions ou parfums.<br \/>\n&#8211; Se s\u00e9cher les mains avec une serviette non pelucheuse.<br \/>\n&#8211; Utilisez le bout des doigts pour manipuler les lentilles de contact (pas les ongles et\/ou les objets pointus comme des pincettes).<br \/>\n&#8211; Assurez-vous que la lentille de contact est humide, propre et sans dommage avant d&rsquo;essayer de l&rsquo;ins\u00e9rer dans votre \u0153il. Ne mettez jamais une lentille de contact endommag\u00e9e dans votre \u0153il.<br \/>\n&#8211; Utilisez une solution fra\u00eeche lors de l&rsquo;entretien de vos lentilles de contact et d\u00e8s que vous la retirez de sa bo\u00eete.<br \/>\n[\/vc_column_text][\/vc_column_inner][\/vc_row_inner][\/vc_column][\/vc_row][vc_row parallax=\u00a0\u00bbcontent-moving\u00a0\u00bb parallax_image=\u00a0\u00bb808&Prime; wrap_container=\u00a0\u00bbyes\u00a0\u00bb css=\u00a0\u00bb.vc_custom_1642058160093{padding-top: 50px !important;padding-right: 50px !important;padding-bottom: 50px !important;padding-left: 50px !important;background-color: #efeff4 !important;}\u00a0\u00bb][vc_column][vc_custom_heading text=\u00a0\u00bbConseils utiles pour l&rsquo;entretien des lentilles\u00a0\u00bb font_container=\u00a0\u00bbtag:h2|font_size:25|text_align:center\u00a0\u00bb use_theme_fonts=\u00a0\u00bbyes\u00a0\u00bb][vc_column_text el_class=\u00a0\u00bbaboutus-text\u00a0\u00bb]<\/p>\n<p style=\"text-align: center;\">Que vous soyez novice ou que vous portiez des lentilles de contact depuis un certain temps, vous trouverez ci-dessous des conseils<br \/>\nutiles en mati\u00e8re d&rsquo;entretien des lentilles de contact.<\/p>\n<p>[\/vc_column_text][vc_empty_space height=\u00a0\u00bb50px\u00a0\u00bb][vc_row_inner][vc_column_inner width=\u00a0\u00bb1\/2&Prime;][vc_custom_heading text=\u00a0\u00bb\u00c0 faire\u00a0\u00bb font_container=\u00a0\u00bbtag:h2|font_size:25|text_align:left\u00a0\u00bb use_theme_fonts=\u00a0\u00bbyes\u00a0\u00bb][vc_column_text]<\/p>\n<table>\n<tbody>\n<tr>\n<td>&#8211; Respecter strictement le programme de port et remplacer vos lentilles de contact comme indiqu\u00e9.<\/td>\n<\/tr>\n<tr>\n<td style=\"background-color: white;\">&#8211; Nettoyer, rincer et d\u00e9sinfecter vos lentilles de contact avec une solution fra\u00eeche chaque fois que vous les retirez. N&rsquo;oublier jamais d&rsquo;utiliser une solution fra\u00eeche.<\/td>\n<\/tr>\n<tr>\n<td>&#8211; Si vos yeux deviennent rouges, irrit\u00e9s ou si votre vision change, retirer imm\u00e9diatement vos lentilles et consulter votre ophtalmologue.<\/td>\n<\/tr>\n<tr>\n<td style=\"background-color: white;\">&#8211; Remplir toujours votre \u00e9tui \u00e0 lentilles avec une nouvelle solution au lieu d&rsquo;ajouter plus de solution en plus de ce qui est d\u00e9j\u00e0 dans votre \u00e9tui.<\/td>\n<\/tr>\n<tr>\n<td>&#8211; Manipuler toujours vos lentilles avec des mains propres et s\u00e8ches. Laver, rincer et s\u00e9cher soigneusement vos mains avec une serviette non pelucheuse avant de toucher vos lentilles.<\/td>\n<\/tr>\n<tr>\n<td style=\"background-color: white;\">&#8211; Apr\u00e8s utilisation, toujours vider et rincer l&rsquo;\u00e9tui \u00e0 lentilles avec une solution fra\u00eeche et laisser l&rsquo;\u00e9tui \u00e0 lentilles s\u00e9cher \u00e0 l&rsquo;air.<\/td>\n<\/tr>\n<tr>\n<td>&#8211; Ins\u00e9rer des lentilles de contact avant de vous maquiller et retirer vos lentilles avant de vous d\u00e9maquiller<\/td>\n<\/tr>\n<\/tbody>\n<\/table>\n<p>[\/vc_column_text][\/vc_column_inner][vc_column_inner width=\u00a0\u00bb1\/2&Prime;][vc_custom_heading text=\u00a0\u00bb\u00c0 ne pas faire\u00a0\u00bb font_container=\u00a0\u00bbtag:h2|font_size:25|text_align:left\u00a0\u00bb use_theme_fonts=\u00a0\u00bbyes\u00a0\u00bb][vc_column_text]<\/p>\n<table>\n<tbody>\n<tr>\n<td>&#8211; Prolonger le port de vos lentilles au-del\u00e0 de leur utilisation pr\u00e9vue.<\/td>\n<\/tr>\n<tr>\n<td style=\"background-color: white;\">&#8211; Utiliser de la salive, de l&rsquo;eau du robinet ou autre chose que des solutions fra\u00eeches pour lentilles de contact pour lubrifier, humidifier et\/ou nettoyer les lentilles.<\/td>\n<\/tr>\n<tr>\n<td>&#8211; Laisser l&rsquo;extr\u00e9mit\u00e9 des flacons de solution toucher d&rsquo;autres surfaces, y compris vos doigts, vos yeux ou vos lentilles de contact.<\/td>\n<\/tr>\n<tr>\n<td style=\"background-color: white;\">&#8211; Partager vos lentilles de contact avec les autres.<\/td>\n<\/tr>\n<tr>\n<td>&#8211; R\u00e9utiliser la solution de lentilles. Utiliser toujours une solution fra\u00eeche pour rincer, nettoyer et ranger vos lentilles.<\/td>\n<\/tr>\n<tr>\n<td style=\"background-color: white;\">&#8211; Exposer vos lentilles de contact \u00e0 n&rsquo;importe quel type d&rsquo;eau. Cela peut entra\u00eener une infection, voire une perte de vision.<\/td>\n<\/tr>\n<tr>\n<td>&#8211; Dormir en portant vos lentilles de contact, \u00e0 moins que les lentilles ne soient con\u00e7ues pour un port prolong\u00e9.<\/td>\n<\/tr>\n<\/tbody>\n<\/table>\n<p>[\/vc_column_text][\/vc_column_inner][\/vc_row_inner][\/vc_column][\/vc_row]<\/p>\n<\/div>","protected":false},"excerpt":{"rendered":"<p>[vc_row full_width=\u00a0\u00bbstretch_row\u00a0\u00bb wrap_container=\u00a0\u00bbyes\u00a0\u00bb css=\u00a0\u00bb.vc_custom_1640768971513{background-image: url(https:\/\/colorvisionlen.wpenginepowered.com\/wp-content\/uploads\/2021\/12\/transparent-bg.png?id=158) !important;background-position: 0 0 !important;background-repeat: no-repeat !important;}\u00a0\u00bb][vc_column][vc_row_inner css=\u00a0\u00bb.vc_custom_1640700581611{padding-top: 50px !important;padding-right: 50px !important;padding-bottom: 50px !important;padding-left: 50px !important;}\u00a0\u00bb][vc_column_inner width=\u00a0\u00bb1\/2&Prime; animation_duration=\u00a0\u00bb2000&Prime; animation_type=\u00a0\u00bbfadeInDown\u00a0\u00bb][vc_custom_heading text=\u00a0\u00bbLes lentilles de contact color\u00e9es haut de gamme COLORVISION peuvent \u00eatre port\u00e9es quotidiennement jusqu&rsquo;\u00e0 14 heures. Les lentilles doivent \u00eatre remplac\u00e9es chaque mois.\u00a0\u00bb font_container=\u00a0\u00bbtag:h2|font_size:25|text_align:left|line_height:25px\u00a0\u00bb use_theme_fonts=\u00a0\u00bbyes\u00a0\u00bb css=\u00a0\u00bb.vc_custom_1641979948596{padding-top: 5px !important;padding-bottom: 20px !important;}\u00a0\u00bb][vc_column_text el_class=\u00a0\u00bbaboutus-text\u00a0\u00bb]Respecter ce [&hellip;]<\/p>\n","protected":false},"author":8,"featured_media":0,"parent":0,"menu_order":0,"comment_status":"closed","ping_status":"closed","template":"","meta":{"footnotes":""},"class_list":["post-937","page","type-page","status-publish","hentry"],"yoast_head":"<!-- This site is optimized with the Yoast SEO plugin v27.4 - https:\/\/yoast.com\/product\/yoast-seo-wordpress\/ -->\n<title>Entretien des lentilles - COLORVISION<\/title>\n<meta name=\"description\" content=\"COLORVISION is a premium CE-approved monthly colored contact lens manufactured with utmost clinical and safety measures.\" \/>\n<meta name=\"robots\" content=\"index, follow, max-snippet:-1, max-image-preview:large, max-video-preview:-1\" \/>\n<link rel=\"canonical\" href=\"https:\/\/colorvisionlenses.com\/lens-care\/\" \/>\n<meta property=\"og:locale\" content=\"fr_FR\" \/>\n<meta property=\"og:type\" content=\"article\" \/>\n<meta property=\"og:title\" content=\"Entretien des lentilles - COLORVISION\" \/>\n<meta property=\"og:description\" content=\"COLORVISION is a premium CE-approved monthly colored contact lens manufactured with utmost clinical and safety measures.\" \/>\n<meta property=\"og:url\" content=\"https:\/\/colorvisionlenses.com\/lens-care\/\" \/>\n<meta property=\"og:site_name\" content=\"COLORVISION\" \/>\n<meta property=\"article:publisher\" content=\"https:\/\/www.facebook.com\/COLORVISIONColoredContactLens\" \/>\n<meta property=\"article:modified_time\" content=\"2022-06-06T07:26:02+00:00\" \/>\n<meta name=\"twitter:card\" content=\"summary_large_image\" \/>\n<meta name=\"twitter:label1\" content=\"Dur\u00e9e de lecture estim\u00e9e\" \/>\n\t<meta name=\"twitter:data1\" content=\"4 minutes\" \/>\n<script type=\"application\/ld+json\" class=\"yoast-schema-graph\">{\"@context\":\"https:\\\/\\\/schema.org\",\"@graph\":[{\"@type\":\"WebPage\",\"@id\":\"https:\\\/\\\/colorvisionlenses.com\\\/lens-care\\\/\",\"url\":\"https:\\\/\\\/colorvisionlenses.com\\\/lens-care\\\/\",\"name\":\"Entretien des lentilles - COLORVISION\",\"isPartOf\":{\"@id\":\"https:\\\/\\\/colorvisionlenses.com\\\/ar\\\/#website\"},\"datePublished\":\"2022-01-28T08:58:21+00:00\",\"dateModified\":\"2022-06-06T07:26:02+00:00\",\"description\":\"COLORVISION is a premium CE-approved monthly colored contact lens manufactured with utmost clinical and safety measures.\",\"breadcrumb\":{\"@id\":\"https:\\\/\\\/colorvisionlenses.com\\\/lens-care\\\/#breadcrumb\"},\"inLanguage\":\"fr-FR\",\"potentialAction\":[{\"@type\":\"ReadAction\",\"target\":[\"https:\\\/\\\/colorvisionlenses.com\\\/lens-care\\\/\"]}]},{\"@type\":\"BreadcrumbList\",\"@id\":\"https:\\\/\\\/colorvisionlenses.com\\\/lens-care\\\/#breadcrumb\",\"itemListElement\":[{\"@type\":\"ListItem\",\"position\":1,\"name\":\"Home\",\"item\":\"https:\\\/\\\/colorvisionlenses.com\\\/fr\\\/\"},{\"@type\":\"ListItem\",\"position\":2,\"name\":\"Entretien des lentilles\"}]},{\"@type\":\"WebSite\",\"@id\":\"https:\\\/\\\/colorvisionlenses.com\\\/ar\\\/#website\",\"url\":\"https:\\\/\\\/colorvisionlenses.com\\\/ar\\\/\",\"name\":\"COLORVISION\",\"description\":\"\",\"publisher\":{\"@id\":\"https:\\\/\\\/colorvisionlenses.com\\\/ar\\\/#organization\"},\"potentialAction\":[{\"@type\":\"SearchAction\",\"target\":{\"@type\":\"EntryPoint\",\"urlTemplate\":\"https:\\\/\\\/colorvisionlenses.com\\\/ar\\\/?s={search_term_string}\"},\"query-input\":{\"@type\":\"PropertyValueSpecification\",\"valueRequired\":true,\"valueName\":\"search_term_string\"}}],\"inLanguage\":\"fr-FR\"},{\"@type\":\"Organization\",\"@id\":\"https:\\\/\\\/colorvisionlenses.com\\\/ar\\\/#organization\",\"name\":\"COLORVISION\",\"url\":\"https:\\\/\\\/colorvisionlenses.com\\\/ar\\\/\",\"logo\":{\"@type\":\"ImageObject\",\"inLanguage\":\"fr-FR\",\"@id\":\"https:\\\/\\\/colorvisionlenses.com\\\/ar\\\/#\\\/schema\\\/logo\\\/image\\\/\",\"url\":\"https:\\\/\\\/colorvisionlen.wpenginepowered.com\\\/wp-content\\\/uploads\\\/2022\\\/01\\\/Color-Vision-Lenses-logo.png\",\"contentUrl\":\"https:\\\/\\\/colorvisionlen.wpenginepowered.com\\\/wp-content\\\/uploads\\\/2022\\\/01\\\/Color-Vision-Lenses-logo.png\",\"width\":300,\"height\":71,\"caption\":\"COLORVISION\"},\"image\":{\"@id\":\"https:\\\/\\\/colorvisionlenses.com\\\/ar\\\/#\\\/schema\\\/logo\\\/image\\\/\"},\"sameAs\":[\"https:\\\/\\\/www.facebook.com\\\/COLORVISIONColoredContactLens\",\"https:\\\/\\\/www.instagram.com\\\/colorvisioncontactlens\\\/\",\"https:\\\/\\\/www.youtube.com\\\/channel\\\/UCOeWJezbam45-JOCPCZ-pqA\"]}]}<\/script>\n<!-- \/ Yoast SEO plugin. -->","yoast_head_json":{"title":"Entretien des lentilles - COLORVISION","description":"COLORVISION is a premium CE-approved monthly colored contact lens manufactured with utmost clinical and safety measures.","robots":{"index":"index","follow":"follow","max-snippet":"max-snippet:-1","max-image-preview":"max-image-preview:large","max-video-preview":"max-video-preview:-1"},"canonical":"https:\/\/colorvisionlenses.com\/lens-care\/","og_locale":"fr_FR","og_type":"article","og_title":"Entretien des lentilles - COLORVISION","og_description":"COLORVISION is a premium CE-approved monthly colored contact lens manufactured with utmost clinical and safety measures.","og_url":"https:\/\/colorvisionlenses.com\/lens-care\/","og_site_name":"COLORVISION","article_publisher":"https:\/\/www.facebook.com\/COLORVISIONColoredContactLens","article_modified_time":"2022-06-06T07:26:02+00:00","twitter_card":"summary_large_image","twitter_misc":{"Dur\u00e9e de lecture estim\u00e9e":"4 minutes"},"schema":{"@context":"https:\/\/schema.org","@graph":[{"@type":"WebPage","@id":"https:\/\/colorvisionlenses.com\/lens-care\/","url":"https:\/\/colorvisionlenses.com\/lens-care\/","name":"Entretien des lentilles - COLORVISION","isPartOf":{"@id":"https:\/\/colorvisionlenses.com\/ar\/#website"},"datePublished":"2022-01-28T08:58:21+00:00","dateModified":"2022-06-06T07:26:02+00:00","description":"COLORVISION is a premium CE-approved monthly colored contact lens manufactured with utmost clinical and safety measures.","breadcrumb":{"@id":"https:\/\/colorvisionlenses.com\/lens-care\/#breadcrumb"},"inLanguage":"fr-FR","potentialAction":[{"@type":"ReadAction","target":["https:\/\/colorvisionlenses.com\/lens-care\/"]}]},{"@type":"BreadcrumbList","@id":"https:\/\/colorvisionlenses.com\/lens-care\/#breadcrumb","itemListElement":[{"@type":"ListItem","position":1,"name":"Home","item":"https:\/\/colorvisionlenses.com\/fr\/"},{"@type":"ListItem","position":2,"name":"Entretien des lentilles"}]},{"@type":"WebSite","@id":"https:\/\/colorvisionlenses.com\/ar\/#website","url":"https:\/\/colorvisionlenses.com\/ar\/","name":"COLORVISION","description":"","publisher":{"@id":"https:\/\/colorvisionlenses.com\/ar\/#organization"},"potentialAction":[{"@type":"SearchAction","target":{"@type":"EntryPoint","urlTemplate":"https:\/\/colorvisionlenses.com\/ar\/?s={search_term_string}"},"query-input":{"@type":"PropertyValueSpecification","valueRequired":true,"valueName":"search_term_string"}}],"inLanguage":"fr-FR"},{"@type":"Organization","@id":"https:\/\/colorvisionlenses.com\/ar\/#organization","name":"COLORVISION","url":"https:\/\/colorvisionlenses.com\/ar\/","logo":{"@type":"ImageObject","inLanguage":"fr-FR","@id":"https:\/\/colorvisionlenses.com\/ar\/#\/schema\/logo\/image\/","url":"https:\/\/colorvisionlen.wpenginepowered.com\/wp-content\/uploads\/2022\/01\/Color-Vision-Lenses-logo.png","contentUrl":"https:\/\/colorvisionlen.wpenginepowered.com\/wp-content\/uploads\/2022\/01\/Color-Vision-Lenses-logo.png","width":300,"height":71,"caption":"COLORVISION"},"image":{"@id":"https:\/\/colorvisionlenses.com\/ar\/#\/schema\/logo\/image\/"},"sameAs":["https:\/\/www.facebook.com\/COLORVISIONColoredContactLens","https:\/\/www.instagram.com\/colorvisioncontactlens\/","https:\/\/www.youtube.com\/channel\/UCOeWJezbam45-JOCPCZ-pqA"]}]}},"_links":{"self":[{"href":"https:\/\/colorvisionlenses.com\/fr\/wp-json\/wp\/v2\/pages\/937","targetHints":{"allow":["GET"]}}],"collection":[{"href":"https:\/\/colorvisionlenses.com\/fr\/wp-json\/wp\/v2\/pages"}],"about":[{"href":"https:\/\/colorvisionlenses.com\/fr\/wp-json\/wp\/v2\/types\/page"}],"author":[{"embeddable":true,"href":"https:\/\/colorvisionlenses.com\/fr\/wp-json\/wp\/v2\/users\/8"}],"replies":[{"embeddable":true,"href":"https:\/\/colorvisionlenses.com\/fr\/wp-json\/wp\/v2\/comments?post=937"}],"version-history":[{"count":0,"href":"https:\/\/colorvisionlenses.com\/fr\/wp-json\/wp\/v2\/pages\/937\/revisions"}],"wp:attachment":[{"href":"https:\/\/colorvisionlenses.com\/fr\/wp-json\/wp\/v2\/media?parent=937"}],"curies":[{"name":"wp","href":"https:\/\/api.w.org\/{rel}","templated":true}]}}