{"id":2045,"date":"2022-06-27T10:58:44","date_gmt":"2022-06-27T07:58:44","guid":{"rendered":"https:\/\/colorvisionlen.wpenginepowered.com\/telechargez-lapplication\/"},"modified":"2022-08-01T16:58:16","modified_gmt":"2022-08-01T13:58:16","slug":"telechargez-lapplication","status":"publish","type":"page","link":"https:\/\/colorvisionlenses.com\/fr\/telechargez-lapplication\/","title":{"rendered":"T\u00e9l\u00e9chargez l&rsquo;application"},"content":{"rendered":"<div class=\"wpb-content-wrapper\"><p>[vc_row full_width=\u00a0\u00bbstretch_row\u00a0\u00bb content_placement=\u00a0\u00bbmiddle\u00a0\u00bb wrap_container=\u00a0\u00bbyes\u00a0\u00bb css=\u00a0\u00bb.vc_custom_1656072734042{margin-top: 0px !important;padding-top: 230px !important;padding-bottom: 230px !important;background-image: url(https:\/\/colorvisionlen.wpenginepowered.com\/wp-content\/uploads\/2022\/06\/downloadapp-bg.jpg?id=1996) !important;background-position: center !important;background-repeat: no-repeat !important;background-size: cover !important;}\u00a0\u00bb][vc_column css_animation=\u00a0\u00bbfadeInLeft\u00a0\u00bb][vc_custom_heading text=\u00a0\u00bbT\u00e9l\u00e9chargez l&rsquo;application mobile<br \/>\nCOLORVISION d\u00e8s aujourd&rsquo;hui\u00a0\u00bb font_container=\u00a0\u00bbtag:div|font_size:40px|text_align:left|color:%23ffffff|line_height:45px\u00a0\u00bb use_theme_fonts=\u00a0\u00bbyes\u00a0\u00bb font_weight=\u00a0\u00bb700&Prime;][\/vc_column][\/vc_row][vc_row full_width=\u00a0\u00bbstretch_row_content\u00a0\u00bb wrap_container=\u00a0\u00bbyes\u00a0\u00bb css=\u00a0\u00bb.vc_custom_1656071803540{padding-top: 100px !important;padding-bottom: 100px !important;}\u00a0\u00bb][vc_column][vc_row_inner][vc_column_inner width=\u00a0\u00bb1\/6&Prime; animation_type=\u00a0\u00bbfadeInLeft\u00a0\u00bb][\/vc_column_inner][vc_column_inner width=\u00a0\u00bb1\/3&Prime; animation_delay=\u00a0\u00bb100&Prime; animation_type=\u00a0\u00bbfadeInUp\u00a0\u00bb][vc_cta h2=\u00a0\u00bbT\u00e9l\u00e9chargez iOS\u00a0\u00bb h2_font_container=\u00a0\u00bbtag:h2|font_size:20|text_align:center\u00a0\u00bb h2_use_theme_fonts=\u00a0\u00bbyes\u00a0\u00bb txt_align=\u00a0\u00bbcenter\u00a0\u00bb color=\u00a0\u00bbblack\u00a0\u00bb add_button=\u00a0\u00bbbottom\u00a0\u00bb btn_title=\u00a0\u00bbBient\u00f4t disponible\u00a0\u00bb btn_style=\u00a0\u00bboutline-custom\u00a0\u00bb btn_outline_custom_color=\u00a0\u00bb#26337b\u00a0\u00bb btn_outline_custom_hover_background=\u00a0\u00bb#26337b\u00a0\u00bb btn_outline_custom_hover_text=\u00a0\u00bb#ffffff\u00a0\u00bb btn_shape=\u00a0\u00bbrounded\u00a0\u00bb btn_align=\u00a0\u00bbcenter\u00a0\u00bb btn_btn_fs=\u00a0\u00bb20px\u00a0\u00bb btn_btn_fw=\u00a0\u00bb700&Prime; add_icon=\u00a0\u00bbtop\u00a0\u00bb i_icon_fontawesome=\u00a0\u00bbfab fa-apple\u00a0\u00bb i_color=\u00a0\u00bbcustom\u00a0\u00bb i_size=\u00a0\u00bblg\u00a0\u00bb css_animation=\u00a0\u00bbnone\u00a0\u00bb use_custom_fonts_h2=\u00a0\u00bbtrue\u00a0\u00bb css=\u00a0\u00bb.vc_custom_1659362061932{background-color: #ffffff !important;}\u00a0\u00bb el_class=\u00a0\u00bbcall-to-action\u00a0\u00bb i_custom_color=\u00a0\u00bb#26337b\u00a0\u00bb btn_el_class=\u00a0\u00bbcoming-soon\u00a0\u00bb]<\/p>\n<div>\n<div class=\"inspect_panels--copyableRow--2_PiZ inspect_panels--highlightRow--21P9S\">\n<div class=\"inspect_panels--propertyRowContent--7Y-mu inspect_panels--copyableRow--2_PiZ inspect_panels--highlightRow--21P9S\">\n<div class=\"inspect_panels--contentProperty--2Z1QI text--fontPos11--RSei3 text--_fontBase--YWDo0 ellipsis--ellipsisAfter8Lines--2rn32 ellipsis--_ellipsisAfterNLines--26JkZ\"><\/div>\n<\/div>\n<\/div>\n<\/div>\n<p>[\/vc_cta][\/vc_column_inner][vc_column_inner width=\u00a0\u00bb1\/3&Prime; animation_type=\u00a0\u00bbfadeInUp\u00a0\u00bb][vc_cta h2=\u00a0\u00bbT\u00e9l\u00e9chargez Android\u00a0\u00bb h2_font_container=\u00a0\u00bbtag:h2|font_size:20|text_align:center\u00a0\u00bb h2_use_theme_fonts=\u00a0\u00bbyes\u00a0\u00bb txt_align=\u00a0\u00bbcenter\u00a0\u00bb color=\u00a0\u00bbblack\u00a0\u00bb add_button=\u00a0\u00bbbottom\u00a0\u00bb btn_title=\u00a0\u00bbT\u00e9l\u00e9chargez\u00a0\u00bb btn_style=\u00a0\u00bboutline-custom\u00a0\u00bb btn_outline_custom_color=\u00a0\u00bb#26337b\u00a0\u00bb btn_outline_custom_hover_background=\u00a0\u00bb#26337b\u00a0\u00bb btn_outline_custom_hover_text=\u00a0\u00bb#ffffff\u00a0\u00bb btn_shape=\u00a0\u00bbrounded\u00a0\u00bb btn_align=\u00a0\u00bbcenter\u00a0\u00bb btn_btn_fs=\u00a0\u00bb20px\u00a0\u00bb btn_btn_fw=\u00a0\u00bb700&Prime; add_icon=\u00a0\u00bbtop\u00a0\u00bb i_icon_fontawesome=\u00a0\u00bbfab fa-android\u00a0\u00bb i_color=\u00a0\u00bbcustom\u00a0\u00bb i_size=\u00a0\u00bblg\u00a0\u00bb css_animation=\u00a0\u00bbnone\u00a0\u00bb use_custom_fonts_h2=\u00a0\u00bbtrue\u00a0\u00bb css=\u00a0\u00bb.vc_custom_1656318603438{background-color: #ffffff !important;}\u00a0\u00bb el_class=\u00a0\u00bbcall-to-action\u00a0\u00bb i_custom_color=\u00a0\u00bb#26337b\u00a0\u00bb btn_link=\u00a0\u00bburl:https%3A%2F%2Fcolorvisionlenses.com%2Fwp-content%2Fuploads%2Fmobile_apps%2F5NOBjjhFS42QO0gYcbY1.apk|target:_blank|\u00a0\u00bb]<\/p>\n<div>\n<div class=\"inspect_panels--copyableRow--2_PiZ inspect_panels--highlightRow--21P9S\">\n<div class=\"inspect_panels--propertyRowContent--7Y-mu inspect_panels--copyableRow--2_PiZ inspect_panels--highlightRow--21P9S\">\n<div class=\"inspect_panels--contentProperty--2Z1QI text--fontPos11--RSei3 text--_fontBase--YWDo0 ellipsis--ellipsisAfter8Lines--2rn32 ellipsis--_ellipsisAfterNLines--26JkZ\"><\/div>\n<\/div>\n<\/div>\n<\/div>\n<p>[\/vc_cta][\/vc_column_inner][vc_column_inner width=\u00a0\u00bb1\/6&Prime;][\/vc_column_inner][\/vc_row_inner][\/vc_column][\/vc_row][vc_row full_width=\u00a0\u00bbstretch_row_content\u00a0\u00bb disable_element=\u00a0\u00bbyes\u00a0\u00bb wrap_container=\u00a0\u00bbyes\u00a0\u00bb css=\u00a0\u00bb.vc_custom_1656070723976{padding-top: 50px !important;}\u00a0\u00bb][vc_column][vc_row_inner][vc_column_inner width=\u00a0\u00bb1\/3&Prime; animation_type=\u00a0\u00bbfadeInLeft\u00a0\u00bb][vc_cta h2=\u00a0\u00bbDownload for iOS\u00a0\u00bb h2_font_container=\u00a0\u00bbtag:h2|font_size:16|text_align:center\u00a0\u00bb h2_use_theme_fonts=\u00a0\u00bbyes\u00a0\u00bb txt_align=\u00a0\u00bbcenter\u00a0\u00bb color=\u00a0\u00bbblack\u00a0\u00bb add_button=\u00a0\u00bbbottom\u00a0\u00bb btn_title=\u00a0\u00bbDownload\u00a0\u00bb btn_style=\u00a0\u00bboutline-custom\u00a0\u00bb btn_outline_custom_color=\u00a0\u00bb#26337b\u00a0\u00bb btn_outline_custom_hover_background=\u00a0\u00bb#26337b\u00a0\u00bb btn_outline_custom_hover_text=\u00a0\u00bb#ffffff\u00a0\u00bb btn_shape=\u00a0\u00bbrounded\u00a0\u00bb btn_align=\u00a0\u00bbcenter\u00a0\u00bb btn_btn_fs=\u00a0\u00bb20px\u00a0\u00bb btn_btn_fw=\u00a0\u00bb700&Prime; add_icon=\u00a0\u00bbtop\u00a0\u00bb i_icon_fontawesome=\u00a0\u00bbfas fa-upload\u00a0\u00bb i_color=\u00a0\u00bbblack\u00a0\u00bb css_animation=\u00a0\u00bbnone\u00a0\u00bb use_custom_fonts_h2=\u00a0\u00bbtrue\u00a0\u00bb css=\u00a0\u00bb.vc_custom_1656070624872{background-color: #ffffff !important;}\u00a0\u00bb el_class=\u00a0\u00bbcall-to-action\u00a0\u00bb]<\/p>\n<div>\n<div class=\"inspect_panels--copyableRow--2_PiZ inspect_panels--highlightRow--21P9S\">\n<div class=\"inspect_panels--propertyRowContent--7Y-mu inspect_panels--copyableRow--2_PiZ inspect_panels--highlightRow--21P9S\">\n<div class=\"inspect_panels--contentProperty--2Z1QI text--fontPos11--RSei3 text--_fontBase--YWDo0 ellipsis--ellipsisAfter8Lines--2rn32 ellipsis--_ellipsisAfterNLines--26JkZ\"><\/div>\n<\/div>\n<\/div>\n<\/div>\n<p>[\/vc_cta][\/vc_column_inner][vc_column_inner width=\u00a0\u00bb1\/3&Prime; animation_delay=\u00a0\u00bb100&Prime; animation_type=\u00a0\u00bbfadeInUp\u00a0\u00bb][vc_cta h2=\u00a0\u00bbAssistance professionnelle\u00a0\u00bb h2_font_container=\u00a0\u00bbtag:h2|font_size:16|text_align:center\u00a0\u00bb h2_use_theme_fonts=\u00a0\u00bbyes\u00a0\u00bb txt_align=\u00a0\u00bbcenter\u00a0\u00bb color=\u00a0\u00bbblack\u00a0\u00bb add_icon=\u00a0\u00bbtop\u00a0\u00bb i_icon_fontawesome=\u00a0\u00bbfas fa-headset\u00a0\u00bb i_color=\u00a0\u00bbblack\u00a0\u00bb css_animation=\u00a0\u00bbnone\u00a0\u00bb use_custom_fonts_h2=\u00a0\u00bbtrue\u00a0\u00bb css=\u00a0\u00bb.vc_custom_1640695938971{background-color: #ffffff !important;}\u00a0\u00bb el_class=\u00a0\u00bbcall-to-action\u00a0\u00bb]<\/p>\n<div>\n<div class=\"inspect_panels--copyableRow--2_PiZ inspect_panels--highlightRow--21P9S\">\n<div class=\"inspect_panels--propertyRowContent--7Y-mu inspect_panels--copyableRow--2_PiZ inspect_panels--highlightRow--21P9S\">\n<div class=\"inspect_panels--contentProperty--2Z1QI text--fontPos11--RSei3 text--_fontBase--YWDo0 ellipsis--ellipsisAfter8Lines--2rn32 ellipsis--_ellipsisAfterNLines--26JkZ\">Recherchez une assistance professionnelle \u00e0 tout moment<\/div>\n<\/div>\n<\/div>\n<\/div>\n<p>[\/vc_cta][\/vc_column_inner][vc_column_inner width=\u00a0\u00bb1\/3&Prime; animation_delay=\u00a0\u00bb120&Prime; animation_type=\u00a0\u00bbfadeInRight\u00a0\u00bb][vc_cta h2=\u00a0\u00bbPaiement s\u00e9curis\u00e9\u00a0\u00bb h2_font_container=\u00a0\u00bbtag:h2|font_size:16|text_align:center\u00a0\u00bb h2_use_theme_fonts=\u00a0\u00bbyes\u00a0\u00bb txt_align=\u00a0\u00bbcenter\u00a0\u00bb color=\u00a0\u00bbblack\u00a0\u00bb add_icon=\u00a0\u00bbtop\u00a0\u00bb i_icon_fontawesome=\u00a0\u00bbfar fa-credit-card\u00a0\u00bb i_color=\u00a0\u00bbblack\u00a0\u00bb css_animation=\u00a0\u00bbnone\u00a0\u00bb use_custom_fonts_h2=\u00a0\u00bbtrue\u00a0\u00bb css=\u00a0\u00bb.vc_custom_1640695949070{background-color: #ffffff !important;}\u00a0\u00bb el_class=\u00a0\u00bbcall-to-action\u00a0\u00bb]<\/p>\n<div>\n<div class=\"inspect_panels--copyableRow--2_PiZ inspect_panels--highlightRow--21P9S\">\n<div class=\"inspect_panels--propertyRowContent--7Y-mu inspect_panels--copyableRow--2_PiZ inspect_panels--highlightRow--21P9S\">\n<div class=\"inspect_panels--contentProperty--2Z1QI text--fontPos11--RSei3 text--_fontBase--YWDo0 ellipsis--ellipsisAfter8Lines--2rn32 ellipsis--_ellipsisAfterNLines--26JkZ\">S\u00e9curisez vos paiements avec vos achats de COLORVISION<\/div>\n<\/div>\n<\/div>\n<\/div>\n<p>[\/vc_cta][\/vc_column_inner][\/vc_row_inner][\/vc_column][\/vc_row][vc_row full_width=\u00a0\u00bbstretch_row\u00a0\u00bb parallax=\u00a0\u00bbcontent-moving\u00a0\u00bb css=\u00a0\u00bb.vc_custom_1651405966679{padding-top: 100px !important;padding-bottom: 100px !important;background-image: url(https:\/\/colorvisionlen.wpenginepowered.com\/wp-content\/uploads\/2021\/12\/COLORVISION-PARTNERS-dark.jpg?id=525) !important;background-position: center;background-repeat: no-repeat !important;background-size: cover !important;}\u00a0\u00bb][vc_column][vc_column_text el_class=\u00a0\u00bbwhitetext &#8211; becomeapartner\u00a0\u00bb css=\u00a0\u00bb.vc_custom_1651405864993{padding-bottom: 20px !important;}\u00a0\u00bb]<\/p>\n<p style=\"text-align: center; font-size: 50px; padding-bottom: 15px; line-height: 50px;\"><strong>BECOME A PARTNER WITH<\/strong><\/p>\n<p style=\"text-align: center; font-weight: 300; font-size: 50px; line-height: 50px;\"><em>COLORVISION<\/em><\/p>\n<p>[\/vc_column_text][vc_btn title=\u00a0\u00bbJOIN NOW\u00a0\u00bb style=\u00a0\u00bboutline\u00a0\u00bb shape=\u00a0\u00bbrounded\u00a0\u00bb color=\u00a0\u00bbwhite\u00a0\u00bb align=\u00a0\u00bbcenter\u00a0\u00bb css=\u00a0\u00bb.vc_custom_1651405877885{margin-right: 20px !important;margin-left: 20px !important;}\u00a0\u00bb el_class=\u00a0\u00bbbtn-spacing\u00a0\u00bb link=\u00a0\u00bburl:https%3A%2F%2Fcolorvisionlenses.com%2Ffr%2Fdevenir-un-partenaire%2F|title:Devenir%20un%20Partenaire|\u00a0\u00bb][\/vc_column][\/vc_row][vc_row content_placement=\u00a0\u00bbmiddle\u00a0\u00bb wrap_container=\u00a0\u00bbyes\u00a0\u00bb css=\u00a0\u00bb.vc_custom_1656072242919{padding-top: 50px !important;padding-bottom: 50px !important;background-color: #efeff4 !important;}\u00a0\u00bb][vc_column][vc_row_inner][vc_column_inner width=\u00a0\u00bb1\/3&Prime;][vc_icon icon_fontawesome=\u00a0\u00bbfas fa-upload\u00a0\u00bb color=\u00a0\u00bbcustom\u00a0\u00bb align=\u00a0\u00bbcenter\u00a0\u00bb css=\u00a0\u00bb.vc_custom_1656072323334{margin-bottom: 0px !important;padding-bottom: 0px !important;}\u00a0\u00bb custom_color=\u00a0\u00bb#26337b\u00a0\u00bb][vc_custom_heading text=\u00a0\u00bbT\u00e9l\u00e9chargez vos ordonnances\u00a0\u00bb font_container=\u00a0\u00bbtag:h2|font_size:16|text_align:center\u00a0\u00bb use_theme_fonts=\u00a0\u00bbyes\u00a0\u00bb][vc_column_text]<\/p>\n<p style=\"text-align: center;\">T\u00e9l\u00e9chargez vos ordonnances en un seul clic<\/p>\n<p>[\/vc_column_text][\/vc_column_inner][vc_column_inner width=\u00a0\u00bb1\/3&Prime;][vc_icon icon_fontawesome=\u00a0\u00bbfas fa-headset\u00a0\u00bb color=\u00a0\u00bbcustom\u00a0\u00bb align=\u00a0\u00bbcenter\u00a0\u00bb css=\u00a0\u00bb.vc_custom_1656072394973{margin-bottom: 0px !important;padding-bottom: 0px !important;}\u00a0\u00bb custom_color=\u00a0\u00bb#26337b\u00a0\u00bb][vc_custom_heading text=\u00a0\u00bbAssistance professionnelle\u00a0\u00bb font_container=\u00a0\u00bbtag:h2|font_size:16|text_align:center\u00a0\u00bb use_theme_fonts=\u00a0\u00bbyes\u00a0\u00bb][vc_column_text]<\/p>\n<p style=\"text-align: center;\">Recherchez une assistance professionnelle \u00e0 tout moment<\/p>\n<p>[\/vc_column_text][\/vc_column_inner][vc_column_inner width=\u00a0\u00bb1\/3&Prime;][vc_icon icon_fontawesome=\u00a0\u00bbfas fa-money-check\u00a0\u00bb color=\u00a0\u00bbcustom\u00a0\u00bb align=\u00a0\u00bbcenter\u00a0\u00bb css=\u00a0\u00bb.vc_custom_1656072491154{margin-bottom: 0px !important;padding-bottom: 0px !important;}\u00a0\u00bb custom_color=\u00a0\u00bb#26337b\u00a0\u00bb][vc_custom_heading text=\u00a0\u00bbPaiement s\u00e9curis\u00e9\u00a0\u00bb font_container=\u00a0\u00bbtag:h2|font_size:16|text_align:center\u00a0\u00bb use_theme_fonts=\u00a0\u00bbyes\u00a0\u00bb][vc_column_text]<\/p>\n<p style=\"text-align: center;\">S\u00e9curisez vos paiements avec vos achats de COLORVISION<\/p>\n<p>[\/vc_column_text][\/vc_column_inner][\/vc_row_inner][\/vc_column][\/vc_row]<\/p>\n<\/div>","protected":false},"excerpt":{"rendered":"<p>[vc_row full_width=\u00a0\u00bbstretch_row\u00a0\u00bb content_placement=\u00a0\u00bbmiddle\u00a0\u00bb wrap_container=\u00a0\u00bbyes\u00a0\u00bb css=\u00a0\u00bb.vc_custom_1656072734042{margin-top: 0px !important;padding-top: 230px !important;padding-bottom: 230px !important;background-image: url(https:\/\/colorvisionlen.wpenginepowered.com\/wp-content\/uploads\/2022\/06\/downloadapp-bg.jpg?id=1996) !important;background-position: center !important;background-repeat: no-repeat !important;background-size: cover !important;}\u00a0\u00bb][vc_column css_animation=\u00a0\u00bbfadeInLeft\u00a0\u00bb][vc_custom_heading text=\u00a0\u00bbT\u00e9l\u00e9chargez l&rsquo;application mobile COLORVISION d\u00e8s aujourd&rsquo;hui\u00a0\u00bb font_container=\u00a0\u00bbtag:div|font_size:40px|text_align:left|color:%23ffffff|line_height:45px\u00a0\u00bb use_theme_fonts=\u00a0\u00bbyes\u00a0\u00bb font_weight=\u00a0\u00bb700&Prime;][\/vc_column][\/vc_row][vc_row full_width=\u00a0\u00bbstretch_row_content\u00a0\u00bb wrap_container=\u00a0\u00bbyes\u00a0\u00bb css=\u00a0\u00bb.vc_custom_1656071803540{padding-top: 100px !important;padding-bottom: 100px !important;}\u00a0\u00bb][vc_column][vc_row_inner][vc_column_inner width=\u00a0\u00bb1\/6&Prime; animation_type=\u00a0\u00bbfadeInLeft\u00a0\u00bb][\/vc_column_inner][vc_column_inner width=\u00a0\u00bb1\/3&Prime; animation_delay=\u00a0\u00bb100&Prime; animation_type=\u00a0\u00bbfadeInUp\u00a0\u00bb][vc_cta h2=\u00a0\u00bbT\u00e9l\u00e9chargez iOS\u00a0\u00bb h2_font_container=\u00a0\u00bbtag:h2|font_size:20|text_align:center\u00a0\u00bb h2_use_theme_fonts=\u00a0\u00bbyes\u00a0\u00bb txt_align=\u00a0\u00bbcenter\u00a0\u00bb color=\u00a0\u00bbblack\u00a0\u00bb add_button=\u00a0\u00bbbottom\u00a0\u00bb btn_title=\u00a0\u00bbBient\u00f4t disponible\u00a0\u00bb btn_style=\u00a0\u00bboutline-custom\u00a0\u00bb btn_outline_custom_color=\u00a0\u00bb#26337b\u00a0\u00bb btn_outline_custom_hover_background=\u00a0\u00bb#26337b\u00a0\u00bb btn_outline_custom_hover_text=\u00a0\u00bb#ffffff\u00a0\u00bb btn_shape=\u00a0\u00bbrounded\u00a0\u00bb [&hellip;]<\/p>\n","protected":false},"author":1,"featured_media":0,"parent":0,"menu_order":0,"comment_status":"closed","ping_status":"closed","template":"","meta":{"footnotes":""},"class_list":["post-2045","page","type-page","status-publish","hentry"],"yoast_head":"<!-- This site is optimized with the Yoast SEO plugin v27.4 - https:\/\/yoast.com\/product\/yoast-seo-wordpress\/ -->\n<title>T\u00e9l\u00e9chargez l&#039;application - COLORVISION<\/title>\n<meta name=\"description\" content=\"COLORVISION is a premium CE-approved monthly colored contact lens manufactured with utmost clinical and safety measures.\" \/>\n<meta name=\"robots\" content=\"index, follow, max-snippet:-1, max-image-preview:large, max-video-preview:-1\" \/>\n<link rel=\"canonical\" href=\"https:\/\/colorvisionlenses.com\/download-app\/\" \/>\n<meta property=\"og:locale\" content=\"fr_FR\" \/>\n<meta property=\"og:type\" content=\"article\" \/>\n<meta property=\"og:title\" content=\"T\u00e9l\u00e9chargez l&#039;application - COLORVISION\" \/>\n<meta property=\"og:description\" content=\"COLORVISION is a premium CE-approved monthly colored contact lens manufactured with utmost clinical and safety measures.\" \/>\n<meta property=\"og:url\" content=\"https:\/\/colorvisionlenses.com\/download-app\/\" \/>\n<meta property=\"og:site_name\" content=\"COLORVISION\" \/>\n<meta property=\"article:publisher\" content=\"https:\/\/www.facebook.com\/COLORVISIONColoredContactLens\" \/>\n<meta property=\"article:modified_time\" content=\"2022-08-01T13:58:16+00:00\" \/>\n<meta name=\"twitter:card\" content=\"summary_large_image\" \/>\n<meta name=\"twitter:label1\" content=\"Dur\u00e9e de lecture estim\u00e9e\" \/>\n\t<meta name=\"twitter:data1\" content=\"2 minutes\" \/>\n<script type=\"application\/ld+json\" class=\"yoast-schema-graph\">{\"@context\":\"https:\\\/\\\/schema.org\",\"@graph\":[{\"@type\":\"WebPage\",\"@id\":\"https:\\\/\\\/colorvisionlenses.com\\\/download-app\\\/\",\"url\":\"https:\\\/\\\/colorvisionlenses.com\\\/download-app\\\/\",\"name\":\"T\u00e9l\u00e9chargez l'application - COLORVISION\",\"isPartOf\":{\"@id\":\"https:\\\/\\\/colorvisionlenses.com\\\/ar\\\/#website\"},\"datePublished\":\"2022-06-27T07:58:44+00:00\",\"dateModified\":\"2022-08-01T13:58:16+00:00\",\"description\":\"COLORVISION is a premium CE-approved monthly colored contact lens manufactured with utmost clinical and safety measures.\",\"breadcrumb\":{\"@id\":\"https:\\\/\\\/colorvisionlenses.com\\\/download-app\\\/#breadcrumb\"},\"inLanguage\":\"fr-FR\",\"potentialAction\":[{\"@type\":\"ReadAction\",\"target\":[\"https:\\\/\\\/colorvisionlenses.com\\\/download-app\\\/\"]}]},{\"@type\":\"BreadcrumbList\",\"@id\":\"https:\\\/\\\/colorvisionlenses.com\\\/download-app\\\/#breadcrumb\",\"itemListElement\":[{\"@type\":\"ListItem\",\"position\":1,\"name\":\"Home\",\"item\":\"https:\\\/\\\/colorvisionlenses.com\\\/fr\\\/\"},{\"@type\":\"ListItem\",\"position\":2,\"name\":\"T\u00e9l\u00e9chargez l&#8217;application\"}]},{\"@type\":\"WebSite\",\"@id\":\"https:\\\/\\\/colorvisionlenses.com\\\/ar\\\/#website\",\"url\":\"https:\\\/\\\/colorvisionlenses.com\\\/ar\\\/\",\"name\":\"COLORVISION\",\"description\":\"\",\"publisher\":{\"@id\":\"https:\\\/\\\/colorvisionlenses.com\\\/ar\\\/#organization\"},\"potentialAction\":[{\"@type\":\"SearchAction\",\"target\":{\"@type\":\"EntryPoint\",\"urlTemplate\":\"https:\\\/\\\/colorvisionlenses.com\\\/ar\\\/?s={search_term_string}\"},\"query-input\":{\"@type\":\"PropertyValueSpecification\",\"valueRequired\":true,\"valueName\":\"search_term_string\"}}],\"inLanguage\":\"fr-FR\"},{\"@type\":\"Organization\",\"@id\":\"https:\\\/\\\/colorvisionlenses.com\\\/ar\\\/#organization\",\"name\":\"COLORVISION\",\"url\":\"https:\\\/\\\/colorvisionlenses.com\\\/ar\\\/\",\"logo\":{\"@type\":\"ImageObject\",\"inLanguage\":\"fr-FR\",\"@id\":\"https:\\\/\\\/colorvisionlenses.com\\\/ar\\\/#\\\/schema\\\/logo\\\/image\\\/\",\"url\":\"https:\\\/\\\/colorvisionlen.wpenginepowered.com\\\/wp-content\\\/uploads\\\/2022\\\/01\\\/Color-Vision-Lenses-logo.png\",\"contentUrl\":\"https:\\\/\\\/colorvisionlen.wpenginepowered.com\\\/wp-content\\\/uploads\\\/2022\\\/01\\\/Color-Vision-Lenses-logo.png\",\"width\":300,\"height\":71,\"caption\":\"COLORVISION\"},\"image\":{\"@id\":\"https:\\\/\\\/colorvisionlenses.com\\\/ar\\\/#\\\/schema\\\/logo\\\/image\\\/\"},\"sameAs\":[\"https:\\\/\\\/www.facebook.com\\\/COLORVISIONColoredContactLens\",\"https:\\\/\\\/www.instagram.com\\\/colorvisioncontactlens\\\/\",\"https:\\\/\\\/www.youtube.com\\\/channel\\\/UCOeWJezbam45-JOCPCZ-pqA\"]}]}<\/script>\n<!-- \/ Yoast SEO plugin. -->","yoast_head_json":{"title":"T\u00e9l\u00e9chargez l'application - COLORVISION","description":"COLORVISION is a premium CE-approved monthly colored contact lens manufactured with utmost clinical and safety measures.","robots":{"index":"index","follow":"follow","max-snippet":"max-snippet:-1","max-image-preview":"max-image-preview:large","max-video-preview":"max-video-preview:-1"},"canonical":"https:\/\/colorvisionlenses.com\/download-app\/","og_locale":"fr_FR","og_type":"article","og_title":"T\u00e9l\u00e9chargez l'application - COLORVISION","og_description":"COLORVISION is a premium CE-approved monthly colored contact lens manufactured with utmost clinical and safety measures.","og_url":"https:\/\/colorvisionlenses.com\/download-app\/","og_site_name":"COLORVISION","article_publisher":"https:\/\/www.facebook.com\/COLORVISIONColoredContactLens","article_modified_time":"2022-08-01T13:58:16+00:00","twitter_card":"summary_large_image","twitter_misc":{"Dur\u00e9e de lecture estim\u00e9e":"2 minutes"},"schema":{"@context":"https:\/\/schema.org","@graph":[{"@type":"WebPage","@id":"https:\/\/colorvisionlenses.com\/download-app\/","url":"https:\/\/colorvisionlenses.com\/download-app\/","name":"T\u00e9l\u00e9chargez l'application - COLORVISION","isPartOf":{"@id":"https:\/\/colorvisionlenses.com\/ar\/#website"},"datePublished":"2022-06-27T07:58:44+00:00","dateModified":"2022-08-01T13:58:16+00:00","description":"COLORVISION is a premium CE-approved monthly colored contact lens manufactured with utmost clinical and safety measures.","breadcrumb":{"@id":"https:\/\/colorvisionlenses.com\/download-app\/#breadcrumb"},"inLanguage":"fr-FR","potentialAction":[{"@type":"ReadAction","target":["https:\/\/colorvisionlenses.com\/download-app\/"]}]},{"@type":"BreadcrumbList","@id":"https:\/\/colorvisionlenses.com\/download-app\/#breadcrumb","itemListElement":[{"@type":"ListItem","position":1,"name":"Home","item":"https:\/\/colorvisionlenses.com\/fr\/"},{"@type":"ListItem","position":2,"name":"T\u00e9l\u00e9chargez l&#8217;application"}]},{"@type":"WebSite","@id":"https:\/\/colorvisionlenses.com\/ar\/#website","url":"https:\/\/colorvisionlenses.com\/ar\/","name":"COLORVISION","description":"","publisher":{"@id":"https:\/\/colorvisionlenses.com\/ar\/#organization"},"potentialAction":[{"@type":"SearchAction","target":{"@type":"EntryPoint","urlTemplate":"https:\/\/colorvisionlenses.com\/ar\/?s={search_term_string}"},"query-input":{"@type":"PropertyValueSpecification","valueRequired":true,"valueName":"search_term_string"}}],"inLanguage":"fr-FR"},{"@type":"Organization","@id":"https:\/\/colorvisionlenses.com\/ar\/#organization","name":"COLORVISION","url":"https:\/\/colorvisionlenses.com\/ar\/","logo":{"@type":"ImageObject","inLanguage":"fr-FR","@id":"https:\/\/colorvisionlenses.com\/ar\/#\/schema\/logo\/image\/","url":"https:\/\/colorvisionlen.wpenginepowered.com\/wp-content\/uploads\/2022\/01\/Color-Vision-Lenses-logo.png","contentUrl":"https:\/\/colorvisionlen.wpenginepowered.com\/wp-content\/uploads\/2022\/01\/Color-Vision-Lenses-logo.png","width":300,"height":71,"caption":"COLORVISION"},"image":{"@id":"https:\/\/colorvisionlenses.com\/ar\/#\/schema\/logo\/image\/"},"sameAs":["https:\/\/www.facebook.com\/COLORVISIONColoredContactLens","https:\/\/www.instagram.com\/colorvisioncontactlens\/","https:\/\/www.youtube.com\/channel\/UCOeWJezbam45-JOCPCZ-pqA"]}]}},"_links":{"self":[{"href":"https:\/\/colorvisionlenses.com\/fr\/wp-json\/wp\/v2\/pages\/2045","targetHints":{"allow":["GET"]}}],"collection":[{"href":"https:\/\/colorvisionlenses.com\/fr\/wp-json\/wp\/v2\/pages"}],"about":[{"href":"https:\/\/colorvisionlenses.com\/fr\/wp-json\/wp\/v2\/types\/page"}],"author":[{"embeddable":true,"href":"https:\/\/colorvisionlenses.com\/fr\/wp-json\/wp\/v2\/users\/1"}],"replies":[{"embeddable":true,"href":"https:\/\/colorvisionlenses.com\/fr\/wp-json\/wp\/v2\/comments?post=2045"}],"version-history":[{"count":0,"href":"https:\/\/colorvisionlenses.com\/fr\/wp-json\/wp\/v2\/pages\/2045\/revisions"}],"wp:attachment":[{"href":"https:\/\/colorvisionlenses.com\/fr\/wp-json\/wp\/v2\/media?parent=2045"}],"curies":[{"name":"wp","href":"https:\/\/api.w.org\/{rel}","templated":true}]}}