{"id":1078,"date":"2021-09-15T10:07:35","date_gmt":"2021-09-15T07:07:35","guid":{"rendered":"https:\/\/colorvisionlen.wpenginepowered.com\/wishlist\/"},"modified":"2022-06-06T10:26:00","modified_gmt":"2022-06-06T07:26:00","slug":"liste-de-souhaits","status":"publish","type":"page","link":"https:\/\/colorvisionlenses.com\/fr\/liste-de-souhaits\/","title":{"rendered":"liste de souhaits"},"content":{"rendered":"\n\n\n\n<form\n\tid=\"yith-wcwl-form\"\n\taction=\"https:\/\/colorvisionlenses.com\/fr\/liste-de-souhaits\/\"\n\tmethod=\"post\"\n\tclass=\"woocommerce yith-wcwl-form wishlist-fragment\"\n\tdata-fragment-options=\"{&quot;per_page&quot;:5,&quot;current_page&quot;:1,&quot;pagination&quot;:&quot;no&quot;,&quot;wishlist_id&quot;:false,&quot;action_params&quot;:false,&quot;no_interactions&quot;:false,&quot;layout&quot;:&quot;&quot;,&quot;wishlist&quot;:false,&quot;is_default&quot;:true,&quot;is_custom_list&quot;:false,&quot;wishlist_token&quot;:&quot;&quot;,&quot;is_private&quot;:false,&quot;count&quot;:0,&quot;page_title&quot;:&quot;My wishlist&quot;,&quot;default_wishlsit_title&quot;:&quot;My wishlist&quot;,&quot;page_links&quot;:false,&quot;is_user_logged_in&quot;:false,&quot;is_user_owner&quot;:true,&quot;can_user_edit_title&quot;:false,&quot;show_price&quot;:true,&quot;show_dateadded&quot;:false,&quot;show_stock_status&quot;:true,&quot;show_add_to_cart&quot;:true,&quot;show_remove_product&quot;:true,&quot;add_to_cart_text&quot;:&quot;Add to cart&quot;,&quot;show_ask_estimate_button&quot;:false,&quot;ask_estimate_url&quot;:&quot;&quot;,&quot;price_excl_tax&quot;:true,&quot;show_cb&quot;:false,&quot;show_quantity&quot;:false,&quot;show_variation&quot;:false,&quot;show_price_variations&quot;:false,&quot;show_update&quot;:false,&quot;enable_drag_n_drop&quot;:false,&quot;enable_add_all_to_cart&quot;:false,&quot;move_to_another_wishlist&quot;:false,&quot;repeat_remove_button&quot;:false,&quot;show_last_column&quot;:true,&quot;heading_icon&quot;:&quot;&lt;i class=\\&quot;fa heart-outline\\&quot;&gt;&lt;\\\/i&gt;&quot;,&quot;share_enabled&quot;:false,&quot;template_part&quot;:&quot;view&quot;,&quot;additional_info&quot;:false,&quot;available_multi_wishlist&quot;:false,&quot;form_action&quot;:&quot;https:\\\/\\\/colorvisionlenses.com\\\/fr\\\/liste-de-souhaits\\\/&quot;,&quot;item&quot;:&quot;wishlist&quot;}\"\n>\n\n\t<!-- TITLE -->\n\t<div class=\"align-left mt-3\"><div class=\"box-content\">\t\t<div class=\"wishlist-title-container\">\n\t\t\t<div class=\"wishlist-title \">\n\t\t\t\t<h2>My wishlist<\/h2>\t\t\t\t\t\t\t<\/div>\n\t\t\t\t\t<\/div>\n\t\n\r\n<!-- WISHLIST TABLE -->\r\n<table class=\"shop_table cart wishlist_table wishlist_view traditional responsive \" data-pagination=\"no\" data-per-page=\"5\" data-page=\"1\" data-id=\"\" data-token=\"\">\r\n\r\n\t\r\n\t<thead class=\"d-none\">\r\n\t<tr>\r\n\t\t\r\n\t\t\t\t\r\n\t\t<th class=\"product-thumbnail\"><\/th>\r\n\r\n\t\t<th class=\"product-name\">\r\n\t\t\t<span class=\"nobr\">\r\n\t\t\t\tProduct\t\t\t<\/span>\r\n\t\t<\/th>\r\n\r\n\t\t\t\t\t<th class=\"product-price\">\r\n\t\t\t\t<span class=\"nobr\">\r\n\t\t\t\t\tPrice\t\t\t\t<\/span>\r\n\t\t\t<\/th>\r\n\t\t\r\n\t\t\r\n\t\t\t\t\t<th class=\"product-stock-status\">\r\n\t\t\t\t<span class=\"nobr\">\r\n\t\t\t\t\t\u00c9tat du stock\t\t\t\t<\/span>\r\n\t\t\t<\/th>\r\n\t\t\r\n\t\t\t\t\t<th class=\"product-add-to-cart\">\r\n\t\t\t\t<span class=\"nobr\">\r\n\t\t\t\t\tActions\t\t\t\t<\/span>\r\n\t\t\t<\/th>\r\n\t\t\r\n\t\t\t<\/tr>\r\n\t<\/thead>\r\n\r\n\t<tbody class=\"wishlist-items-wrapper\">\r\n\t\t\t<tr class=\"border-0 py-0\">\r\n\t\t\t<td colspan=\"6\" class=\"px-3 py-2 text-center\"><i class=\"far fa-heart wishlist-empty\"><\/i><\/td>\r\n\t\t<\/tr>\r\n\t\t<tr class=\"border-0 py-0\">\r\n\t\t\t<td colspan=\"6\" class=\"px-3 py-2 wishlist-empty\">Aucun produit ajout\u00e9 \u00e0 la liste de souhaits<\/td>\r\n\t\t<\/tr>\r\n\t\t<tr class=\"border-0 py-0\">\r\n\t\t\t<td colspan=\"6\" class=\"px-3 text-center\">\r\n\t\t\t\t<a class=\"woocommerce-Button button btn-v-dark btn-go-shop\" href=\"https:\/\/colorvisionlenses.com\/fr\/achetez-notre-collection\/\">\r\n\t\t\t\t\tFaire des achats\t\t\t\t<\/a>\r\n\t\t\t<\/td>\r\n\t\t<\/tr>\r\n\t\t\t<\/tbody>\r\n\r\n<\/table>\r\n\n<div class=\"yith_wcwl_wishlist_footer\">\n\t\n\n\t\n\n\t\n\t<\/div>\n\n<input type=\"hidden\" id=\"yith_wcwl_edit_wishlist\" name=\"yith_wcwl_edit_wishlist\" value=\"eebe2c13a5\" \/><input type=\"hidden\" name=\"_wp_http_referer\" value=\"\/fr\/wp-json\/wp\/v2\/pages\/1078\" \/><input type=\"hidden\" value=\"\" name=\"wishlist_id\" id=\"wishlist_id\">\n\n<\/div><\/div>\n<\/form>\n\n\n\n","protected":false},"excerpt":{"rendered":"My wishlist Product Price \u00c9tat du stock Actions Aucun produit ajout\u00e9 \u00e0 la liste de souhaits Faire des achats","protected":false},"author":8,"featured_media":0,"parent":0,"menu_order":0,"comment_status":"closed","ping_status":"closed","template":"","meta":{"footnotes":""},"class_list":["post-1078","page","type-page","status-publish","hentry"],"yoast_head":"<!-- This site is optimized with the Yoast SEO plugin v27.4 - https:\/\/yoast.com\/product\/yoast-seo-wordpress\/ -->\n<title>liste de souhaits - COLORVISION<\/title>\n<meta name=\"description\" content=\"COLORVISION is a premium CE-approved monthly colored contact lens manufactured with utmost clinical and safety measures.\" \/>\n<meta name=\"robots\" content=\"index, follow, max-snippet:-1, max-image-preview:large, max-video-preview:-1\" \/>\n<link rel=\"canonical\" href=\"https:\/\/colorvisionlenses.com\/wishlist\/\" \/>\n<meta property=\"og:locale\" content=\"fr_FR\" \/>\n<meta property=\"og:type\" content=\"article\" \/>\n<meta property=\"og:title\" content=\"liste de souhaits - COLORVISION\" \/>\n<meta property=\"og:description\" content=\"COLORVISION is a premium CE-approved monthly colored contact lens manufactured with utmost clinical and safety measures.\" \/>\n<meta property=\"og:url\" content=\"https:\/\/colorvisionlenses.com\/wishlist\/\" \/>\n<meta property=\"og:site_name\" content=\"COLORVISION\" \/>\n<meta property=\"article:publisher\" content=\"https:\/\/www.facebook.com\/COLORVISIONColoredContactLens\" \/>\n<meta property=\"article:modified_time\" content=\"2022-06-06T07:26:00+00:00\" \/>\n<meta name=\"twitter:card\" content=\"summary_large_image\" \/>\n<script type=\"application\/ld+json\" class=\"yoast-schema-graph\">{\"@context\":\"https:\\\/\\\/schema.org\",\"@graph\":[{\"@type\":\"WebPage\",\"@id\":\"https:\\\/\\\/colorvisionlenses.com\\\/wishlist\\\/\",\"url\":\"https:\\\/\\\/colorvisionlenses.com\\\/wishlist\\\/\",\"name\":\"liste de souhaits - COLORVISION\",\"isPartOf\":{\"@id\":\"https:\\\/\\\/colorvisionlenses.com\\\/ar\\\/#website\"},\"datePublished\":\"2021-09-15T07:07:35+00:00\",\"dateModified\":\"2022-06-06T07:26:00+00:00\",\"description\":\"COLORVISION is a premium CE-approved monthly colored contact lens manufactured with utmost clinical and safety measures.\",\"breadcrumb\":{\"@id\":\"https:\\\/\\\/colorvisionlenses.com\\\/wishlist\\\/#breadcrumb\"},\"inLanguage\":\"fr-FR\",\"potentialAction\":[{\"@type\":\"ReadAction\",\"target\":[\"https:\\\/\\\/colorvisionlenses.com\\\/wishlist\\\/\"]}]},{\"@type\":\"BreadcrumbList\",\"@id\":\"https:\\\/\\\/colorvisionlenses.com\\\/wishlist\\\/#breadcrumb\",\"itemListElement\":[{\"@type\":\"ListItem\",\"position\":1,\"name\":\"Home\",\"item\":\"https:\\\/\\\/colorvisionlenses.com\\\/fr\\\/\"},{\"@type\":\"ListItem\",\"position\":2,\"name\":\"liste de souhaits\"}]},{\"@type\":\"WebSite\",\"@id\":\"https:\\\/\\\/colorvisionlenses.com\\\/ar\\\/#website\",\"url\":\"https:\\\/\\\/colorvisionlenses.com\\\/ar\\\/\",\"name\":\"COLORVISION\",\"description\":\"\",\"publisher\":{\"@id\":\"https:\\\/\\\/colorvisionlenses.com\\\/ar\\\/#organization\"},\"potentialAction\":[{\"@type\":\"SearchAction\",\"target\":{\"@type\":\"EntryPoint\",\"urlTemplate\":\"https:\\\/\\\/colorvisionlenses.com\\\/ar\\\/?s={search_term_string}\"},\"query-input\":{\"@type\":\"PropertyValueSpecification\",\"valueRequired\":true,\"valueName\":\"search_term_string\"}}],\"inLanguage\":\"fr-FR\"},{\"@type\":\"Organization\",\"@id\":\"https:\\\/\\\/colorvisionlenses.com\\\/ar\\\/#organization\",\"name\":\"COLORVISION\",\"url\":\"https:\\\/\\\/colorvisionlenses.com\\\/ar\\\/\",\"logo\":{\"@type\":\"ImageObject\",\"inLanguage\":\"fr-FR\",\"@id\":\"https:\\\/\\\/colorvisionlenses.com\\\/ar\\\/#\\\/schema\\\/logo\\\/image\\\/\",\"url\":\"https:\\\/\\\/colorvisionlen.wpenginepowered.com\\\/wp-content\\\/uploads\\\/2022\\\/01\\\/Color-Vision-Lenses-logo.png\",\"contentUrl\":\"https:\\\/\\\/colorvisionlen.wpenginepowered.com\\\/wp-content\\\/uploads\\\/2022\\\/01\\\/Color-Vision-Lenses-logo.png\",\"width\":300,\"height\":71,\"caption\":\"COLORVISION\"},\"image\":{\"@id\":\"https:\\\/\\\/colorvisionlenses.com\\\/ar\\\/#\\\/schema\\\/logo\\\/image\\\/\"},\"sameAs\":[\"https:\\\/\\\/www.facebook.com\\\/COLORVISIONColoredContactLens\",\"https:\\\/\\\/www.instagram.com\\\/colorvisioncontactlens\\\/\",\"https:\\\/\\\/www.youtube.com\\\/channel\\\/UCOeWJezbam45-JOCPCZ-pqA\"]}]}<\/script>\n<!-- \/ Yoast SEO plugin. -->","yoast_head_json":{"title":"liste de souhaits - COLORVISION","description":"COLORVISION is a premium CE-approved monthly colored contact lens manufactured with utmost clinical and safety measures.","robots":{"index":"index","follow":"follow","max-snippet":"max-snippet:-1","max-image-preview":"max-image-preview:large","max-video-preview":"max-video-preview:-1"},"canonical":"https:\/\/colorvisionlenses.com\/wishlist\/","og_locale":"fr_FR","og_type":"article","og_title":"liste de souhaits - COLORVISION","og_description":"COLORVISION is a premium CE-approved monthly colored contact lens manufactured with utmost clinical and safety measures.","og_url":"https:\/\/colorvisionlenses.com\/wishlist\/","og_site_name":"COLORVISION","article_publisher":"https:\/\/www.facebook.com\/COLORVISIONColoredContactLens","article_modified_time":"2022-06-06T07:26:00+00:00","twitter_card":"summary_large_image","schema":{"@context":"https:\/\/schema.org","@graph":[{"@type":"WebPage","@id":"https:\/\/colorvisionlenses.com\/wishlist\/","url":"https:\/\/colorvisionlenses.com\/wishlist\/","name":"liste de souhaits - COLORVISION","isPartOf":{"@id":"https:\/\/colorvisionlenses.com\/ar\/#website"},"datePublished":"2021-09-15T07:07:35+00:00","dateModified":"2022-06-06T07:26:00+00:00","description":"COLORVISION is a premium CE-approved monthly colored contact lens manufactured with utmost clinical and safety measures.","breadcrumb":{"@id":"https:\/\/colorvisionlenses.com\/wishlist\/#breadcrumb"},"inLanguage":"fr-FR","potentialAction":[{"@type":"ReadAction","target":["https:\/\/colorvisionlenses.com\/wishlist\/"]}]},{"@type":"BreadcrumbList","@id":"https:\/\/colorvisionlenses.com\/wishlist\/#breadcrumb","itemListElement":[{"@type":"ListItem","position":1,"name":"Home","item":"https:\/\/colorvisionlenses.com\/fr\/"},{"@type":"ListItem","position":2,"name":"liste de souhaits"}]},{"@type":"WebSite","@id":"https:\/\/colorvisionlenses.com\/ar\/#website","url":"https:\/\/colorvisionlenses.com\/ar\/","name":"COLORVISION","description":"","publisher":{"@id":"https:\/\/colorvisionlenses.com\/ar\/#organization"},"potentialAction":[{"@type":"SearchAction","target":{"@type":"EntryPoint","urlTemplate":"https:\/\/colorvisionlenses.com\/ar\/?s={search_term_string}"},"query-input":{"@type":"PropertyValueSpecification","valueRequired":true,"valueName":"search_term_string"}}],"inLanguage":"fr-FR"},{"@type":"Organization","@id":"https:\/\/colorvisionlenses.com\/ar\/#organization","name":"COLORVISION","url":"https:\/\/colorvisionlenses.com\/ar\/","logo":{"@type":"ImageObject","inLanguage":"fr-FR","@id":"https:\/\/colorvisionlenses.com\/ar\/#\/schema\/logo\/image\/","url":"https:\/\/colorvisionlen.wpenginepowered.com\/wp-content\/uploads\/2022\/01\/Color-Vision-Lenses-logo.png","contentUrl":"https:\/\/colorvisionlen.wpenginepowered.com\/wp-content\/uploads\/2022\/01\/Color-Vision-Lenses-logo.png","width":300,"height":71,"caption":"COLORVISION"},"image":{"@id":"https:\/\/colorvisionlenses.com\/ar\/#\/schema\/logo\/image\/"},"sameAs":["https:\/\/www.facebook.com\/COLORVISIONColoredContactLens","https:\/\/www.instagram.com\/colorvisioncontactlens\/","https:\/\/www.youtube.com\/channel\/UCOeWJezbam45-JOCPCZ-pqA"]}]}},"_links":{"self":[{"href":"https:\/\/colorvisionlenses.com\/fr\/wp-json\/wp\/v2\/pages\/1078","targetHints":{"allow":["GET"]}}],"collection":[{"href":"https:\/\/colorvisionlenses.com\/fr\/wp-json\/wp\/v2\/pages"}],"about":[{"href":"https:\/\/colorvisionlenses.com\/fr\/wp-json\/wp\/v2\/types\/page"}],"author":[{"embeddable":true,"href":"https:\/\/colorvisionlenses.com\/fr\/wp-json\/wp\/v2\/users\/8"}],"replies":[{"embeddable":true,"href":"https:\/\/colorvisionlenses.com\/fr\/wp-json\/wp\/v2\/comments?post=1078"}],"version-history":[{"count":0,"href":"https:\/\/colorvisionlenses.com\/fr\/wp-json\/wp\/v2\/pages\/1078\/revisions"}],"wp:attachment":[{"href":"https:\/\/colorvisionlenses.com\/fr\/wp-json\/wp\/v2\/media?parent=1078"}],"curies":[{"name":"wp","href":"https:\/\/api.w.org\/{rel}","templated":true}]}}